{"id":503,"date":"2022-07-29T13:43:29","date_gmt":"2022-07-29T11:43:29","guid":{"rendered":"https:\/\/strandfesztival.com\/?page_id=503"},"modified":"2025-07-03T11:22:27","modified_gmt":"2025-07-03T09:22:27","slug":"fellepok-napi-bontas","status":"publish","type":"page","link":"https:\/\/strandfesztival.com\/hu\/programok\/fellepok-napi-bontas\/","title":{"rendered":"Fell\u00e9p\u0151k napi bont\u00e1s"},"content":{"rendered":"","protected":false},"excerpt":{"rendered":"","protected":false},"author":1,"featured_media":0,"parent":47,"menu_order":0,"comment_status":"closed","ping_status":"closed","template":"template-program-artists-daily.php","meta":{"_acf_changed":false,"footnotes":""},"class_list":["post-503","page","type-page","status-publish","hentry"],"acf":[],"yoast_head":"<!-- This site is optimized with the Yoast SEO plugin v27.5 - https:\/\/yoast.com\/product\/yoast-seo-wordpress\/ -->\n<title>Fell\u00e9p\u0151k napi bont\u00e1s &#8902; Strand Fesztiv\u00e1l<\/title>\n<meta name=\"robots\" content=\"index, follow, max-snippet:-1, max-image-preview:large, max-video-preview:-1\" \/>\n<link rel=\"canonical\" href=\"https:\/\/strandfesztival.com\/hu\/programok\/fellepok-napi-bontas\/\" \/>\n<meta property=\"og:locale\" content=\"hu_HU\" \/>\n<meta property=\"og:type\" content=\"article\" \/>\n<meta property=\"og:title\" content=\"Fell\u00e9p\u0151k napi bont\u00e1s &#8902; Strand Fesztiv\u00e1l\" \/>\n<meta property=\"og:url\" content=\"https:\/\/strandfesztival.com\/hu\/programok\/fellepok-napi-bontas\/\" \/>\n<meta property=\"og:site_name\" content=\"Strand Fesztiv\u00e1l\" \/>\n<meta property=\"article:publisher\" content=\"https:\/\/www.facebook.com\/StrandFesztival\" \/>\n<meta property=\"article:modified_time\" content=\"2025-07-03T09:22:27+00:00\" \/>\n<meta property=\"og:image\" content=\"https:\/\/strandfesztival.com\/wp-content\/uploads\/2026\/02\/str2026.jpg\" \/>\n\t<meta property=\"og:image:width\" content=\"768\" \/>\n\t<meta property=\"og:image:height\" content=\"326\" \/>\n\t<meta property=\"og:image:type\" content=\"image\/jpeg\" \/>\n<meta name=\"twitter:card\" content=\"summary_large_image\" \/>\n<script type=\"application\/ld+json\" class=\"yoast-schema-graph\">{\"@context\":\"https:\\\/\\\/schema.org\",\"@graph\":[{\"@type\":\"WebPage\",\"@id\":\"https:\\\/\\\/strandfesztival.com\\\/hu\\\/programok\\\/fellepok-napi-bontas\\\/\",\"url\":\"https:\\\/\\\/strandfesztival.com\\\/hu\\\/programok\\\/fellepok-napi-bontas\\\/\",\"name\":\"Fell\u00e9p\u0151k napi bont\u00e1s &#8902; Strand Fesztiv\u00e1l\",\"isPartOf\":{\"@id\":\"https:\\\/\\\/strandfesztival.com\\\/hu\\\/#website\"},\"datePublished\":\"2022-07-29T11:43:29+00:00\",\"dateModified\":\"2025-07-03T09:22:27+00:00\",\"breadcrumb\":{\"@id\":\"https:\\\/\\\/strandfesztival.com\\\/hu\\\/programok\\\/fellepok-napi-bontas\\\/#breadcrumb\"},\"inLanguage\":\"hu\",\"potentialAction\":[{\"@type\":\"ReadAction\",\"target\":[\"https:\\\/\\\/strandfesztival.com\\\/hu\\\/programok\\\/fellepok-napi-bontas\\\/\"]}]},{\"@type\":\"BreadcrumbList\",\"@id\":\"https:\\\/\\\/strandfesztival.com\\\/hu\\\/programok\\\/fellepok-napi-bontas\\\/#breadcrumb\",\"itemListElement\":[{\"@type\":\"ListItem\",\"position\":1,\"name\":\"Kezd\u0151lap\",\"item\":\"https:\\\/\\\/strandfesztival.com\\\/hu\\\/\"},{\"@type\":\"ListItem\",\"position\":2,\"name\":\"Programok\",\"item\":\"https:\\\/\\\/strandfesztival.com\\\/hu\\\/?page_id=47\"},{\"@type\":\"ListItem\",\"position\":3,\"name\":\"Fell\u00e9p\u0151k napi bont\u00e1s\"}]},{\"@type\":\"WebSite\",\"@id\":\"https:\\\/\\\/strandfesztival.com\\\/hu\\\/#website\",\"url\":\"https:\\\/\\\/strandfesztival.com\\\/hu\\\/\",\"name\":\"STRAND Fesztiv\u00e1l\",\"description\":\"&#x2600;&#xfe0f; Strand &#x1f3d6;&#xfe0f; Csoda &#x2728; Balaton &#x2600;&#xfe0f;\",\"publisher\":{\"@id\":\"https:\\\/\\\/strandfesztival.com\\\/hu\\\/#organization\"},\"potentialAction\":[{\"@type\":\"SearchAction\",\"target\":{\"@type\":\"EntryPoint\",\"urlTemplate\":\"https:\\\/\\\/strandfesztival.com\\\/hu\\\/?s={search_term_string}\"},\"query-input\":{\"@type\":\"PropertyValueSpecification\",\"valueRequired\":true,\"valueName\":\"search_term_string\"}}],\"inLanguage\":\"hu\"},{\"@type\":\"Organization\",\"@id\":\"https:\\\/\\\/strandfesztival.com\\\/hu\\\/#organization\",\"name\":\"STRAND Fesztiv\u00e1l\",\"url\":\"https:\\\/\\\/strandfesztival.com\\\/hu\\\/\",\"logo\":{\"@type\":\"ImageObject\",\"inLanguage\":\"hu\",\"@id\":\"https:\\\/\\\/strandfesztival.com\\\/hu\\\/#\\\/schema\\\/logo\\\/image\\\/\",\"url\":\"https:\\\/\\\/strandfesztival.com\\\/wp-content\\\/uploads\\\/2025\\\/12\\\/strand-logo.svg\",\"contentUrl\":\"https:\\\/\\\/strandfesztival.com\\\/wp-content\\\/uploads\\\/2025\\\/12\\\/strand-logo.svg\",\"width\":1,\"height\":1,\"caption\":\"STRAND Fesztiv\u00e1l\"},\"image\":{\"@id\":\"https:\\\/\\\/strandfesztival.com\\\/hu\\\/#\\\/schema\\\/logo\\\/image\\\/\"},\"sameAs\":[\"https:\\\/\\\/www.facebook.com\\\/StrandFesztival\",\"https:\\\/\\\/www.instagram.com\\\/strandfesztival\\\/\"]}]}<\/script>\n<meta property=\"og:image\" content=\"https:\/\/strandfesztival.com\/wp-content\/uploads\/2023\/08\/majorkata_strand2023_0826-292-1024x683.jpg\" \/>\n<!-- \/ Yoast SEO plugin. -->","yoast_head_json":{"title":"Fell\u00e9p\u0151k napi bont\u00e1s &#8902; Strand Fesztiv\u00e1l","robots":{"index":"index","follow":"follow","max-snippet":"max-snippet:-1","max-image-preview":"max-image-preview:large","max-video-preview":"max-video-preview:-1"},"canonical":"https:\/\/strandfesztival.com\/hu\/programok\/fellepok-napi-bontas\/","og_locale":"hu_HU","og_type":"article","og_title":"Fell\u00e9p\u0151k napi bont\u00e1s &#8902; Strand Fesztiv\u00e1l","og_url":"https:\/\/strandfesztival.com\/hu\/programok\/fellepok-napi-bontas\/","og_site_name":"Strand Fesztiv\u00e1l","article_publisher":"https:\/\/www.facebook.com\/StrandFesztival","article_modified_time":"2025-07-03T09:22:27+00:00","og_image":[{"width":768,"height":326,"url":"https:\/\/strandfesztival.com\/wp-content\/uploads\/2026\/02\/str2026.jpg","type":"image\/jpeg"}],"twitter_card":"summary_large_image","schema":{"@context":"https:\/\/schema.org","@graph":[{"@type":"WebPage","@id":"https:\/\/strandfesztival.com\/hu\/programok\/fellepok-napi-bontas\/","url":"https:\/\/strandfesztival.com\/hu\/programok\/fellepok-napi-bontas\/","name":"Fell\u00e9p\u0151k napi bont\u00e1s &#8902; Strand Fesztiv\u00e1l","isPartOf":{"@id":"https:\/\/strandfesztival.com\/hu\/#website"},"datePublished":"2022-07-29T11:43:29+00:00","dateModified":"2025-07-03T09:22:27+00:00","breadcrumb":{"@id":"https:\/\/strandfesztival.com\/hu\/programok\/fellepok-napi-bontas\/#breadcrumb"},"inLanguage":"hu","potentialAction":[{"@type":"ReadAction","target":["https:\/\/strandfesztival.com\/hu\/programok\/fellepok-napi-bontas\/"]}]},{"@type":"BreadcrumbList","@id":"https:\/\/strandfesztival.com\/hu\/programok\/fellepok-napi-bontas\/#breadcrumb","itemListElement":[{"@type":"ListItem","position":1,"name":"Kezd\u0151lap","item":"https:\/\/strandfesztival.com\/hu\/"},{"@type":"ListItem","position":2,"name":"Programok","item":"https:\/\/strandfesztival.com\/hu\/?page_id=47"},{"@type":"ListItem","position":3,"name":"Fell\u00e9p\u0151k napi bont\u00e1s"}]},{"@type":"WebSite","@id":"https:\/\/strandfesztival.com\/hu\/#website","url":"https:\/\/strandfesztival.com\/hu\/","name":"STRAND Fesztiv\u00e1l","description":"&#x2600;&#xfe0f; Strand &#x1f3d6;&#xfe0f; Csoda &#x2728; Balaton &#x2600;&#xfe0f;","publisher":{"@id":"https:\/\/strandfesztival.com\/hu\/#organization"},"potentialAction":[{"@type":"SearchAction","target":{"@type":"EntryPoint","urlTemplate":"https:\/\/strandfesztival.com\/hu\/?s={search_term_string}"},"query-input":{"@type":"PropertyValueSpecification","valueRequired":true,"valueName":"search_term_string"}}],"inLanguage":"hu"},{"@type":"Organization","@id":"https:\/\/strandfesztival.com\/hu\/#organization","name":"STRAND Fesztiv\u00e1l","url":"https:\/\/strandfesztival.com\/hu\/","logo":{"@type":"ImageObject","inLanguage":"hu","@id":"https:\/\/strandfesztival.com\/hu\/#\/schema\/logo\/image\/","url":"https:\/\/strandfesztival.com\/wp-content\/uploads\/2025\/12\/strand-logo.svg","contentUrl":"https:\/\/strandfesztival.com\/wp-content\/uploads\/2025\/12\/strand-logo.svg","width":1,"height":1,"caption":"STRAND Fesztiv\u00e1l"},"image":{"@id":"https:\/\/strandfesztival.com\/hu\/#\/schema\/logo\/image\/"},"sameAs":["https:\/\/www.facebook.com\/StrandFesztival","https:\/\/www.instagram.com\/strandfesztival\/"]}]}},"_links":{"self":[{"href":"https:\/\/strandfesztival.com\/hu\/wp-json\/wp\/v2\/pages\/503","targetHints":{"allow":["GET"]}}],"collection":[{"href":"https:\/\/strandfesztival.com\/hu\/wp-json\/wp\/v2\/pages"}],"about":[{"href":"https:\/\/strandfesztival.com\/hu\/wp-json\/wp\/v2\/types\/page"}],"author":[{"embeddable":true,"href":"https:\/\/strandfesztival.com\/hu\/wp-json\/wp\/v2\/users\/1"}],"replies":[{"embeddable":true,"href":"https:\/\/strandfesztival.com\/hu\/wp-json\/wp\/v2\/comments?post=503"}],"version-history":[{"count":0,"href":"https:\/\/strandfesztival.com\/hu\/wp-json\/wp\/v2\/pages\/503\/revisions"}],"up":[{"embeddable":true,"href":"https:\/\/strandfesztival.com\/hu\/wp-json\/wp\/v2\/pages\/47"}],"wp:attachment":[{"href":"https:\/\/strandfesztival.com\/hu\/wp-json\/wp\/v2\/media?parent=503"}],"curies":[{"name":"wp","href":"https:\/\/api.w.org\/{rel}","templated":true}]}}