{"id":3575,"date":"2024-08-19T20:48:06","date_gmt":"2024-08-19T18:48:06","guid":{"rendered":"https:\/\/strandfesztival.com\/?page_id=3575"},"modified":"2024-08-21T13:25:04","modified_gmt":"2024-08-21T11:25:04","slug":"gasztroterkep","status":"publish","type":"page","link":"https:\/\/strandfesztival.com\/hu\/gasztroterkep\/","title":{"rendered":"Gasztrot\u00e9rk\u00e9p"},"content":{"rendered":"<p><strong>A fesztiv\u00e1l ter\u00fclet\u00e9n t\u00f6bb, mint 30 vend\u00e9gl\u00e1t\u00f3hely \u00e9telk\u00edn\u00e1lat\u00e1b\u00f3l v\u00e1laszthatsz, melyek k\u00f6z\u00fcl sz\u00e1mos helyet a Street Kitchen aj\u00e1nl nektek. \u00c9telk\u00edn\u00e1latunkban veg\u00e1n \u00e9s h\u00fasmentes \u00e9telek is megtal\u00e1lhat\u00f3k. Gasztrot\u00e9rk\u00e9p\u00fcnkkel seg\u00edt\u00fcnk, hogy kedved szerint v\u00e9gigk\u00f3stolhasd a fesztiv\u00e1lt!<\/strong><\/p>\n<p><img loading=\"lazy\" decoding=\"async\" class=\"alignnone size-large wp-image-3576\" src=\"https:\/\/strandfesztival.com\/wp-content\/uploads\/2024\/08\/terkep_gasztro_strand2024-1024x640.jpg\" alt=\"\" width=\"1024\" height=\"640\" srcset=\"https:\/\/strandfesztival.com\/wp-content\/uploads\/2024\/08\/terkep_gasztro_strand2024-1024x640.jpg 1024w, https:\/\/strandfesztival.com\/wp-content\/uploads\/2024\/08\/terkep_gasztro_strand2024-300x188.jpg 300w, https:\/\/strandfesztival.com\/wp-content\/uploads\/2024\/08\/terkep_gasztro_strand2024-768x480.jpg 768w, https:\/\/strandfesztival.com\/wp-content\/uploads\/2024\/08\/terkep_gasztro_strand2024-1536x960.jpg 1536w, https:\/\/strandfesztival.com\/wp-content\/uploads\/2024\/08\/terkep_gasztro_strand2024-2048x1280.jpg 2048w\" sizes=\"auto, (max-width: 1024px) 100vw, 1024px\" \/><\/p>\n<p><strong>Aldi Grill Zone<\/strong><\/p>\n<p><span style=\"font-weight: 400;\">Az Aldi, \u201e Az \u00c9v Frisssh\u00fas Keresked\u0151je 2023\u201d\u00a0 c\u00edm nyertese, a grillterm\u00e9kek rendk\u00edv\u00fcli gazdag k\u00edn\u00e1lat\u00e1val k\u00e9sz\u00fcl az igazi ny\u00e1ri szezonra. Keresd az Aldi Grill Zone-t a Strandon is!<\/span><\/p>\n<p><strong>Bite Food Crunchy<\/strong><\/p>\n<p><span style=\"font-weight: 400;\">Amikor a magyar \u00edzek \u00e9s \u00f6tletek tal\u00e1lkoznak a mexik\u00f3i konyha egyik legjellegzetesebb k\u00e9pvisel\u0151j\u00e9vel, akkor abb\u00f3l valami elk\u00e9peszt\u0151 sz\u00fcletik! A t\u00f6bbf\u00e9le taconk k\u00f6z\u00fcl minden vend\u00e9g\u00fck megtal\u00e1lhatja mag\u00e1nak a megfelel\u0151t \u00edz, \u00e9letm\u00f3d vagy ak\u00e1r \u00e9rz\u00e9kenys\u00e9g alapj\u00e1n is! Konyh\u00e1juk mott\u00f3ja: frisset, finomat, a lehet\u0151 leggyorsabban, sorban\u00e1ll\u00e1s n\u00e9lk\u00fcl!\u00a0<\/span><\/p>\n<p><strong>Creative Kitchen<\/strong><\/p>\n<p><span style=\"font-weight: 400;\">A Creative Kitchen\u00a0 food truck lehet\u0151s\u00e9get biztos\u00edt arra, hogy az orsz\u00e1g b\u00e1rmely pontj\u00e1n \u00e1t\u00e9lhess\u00e9k vend\u00e9geik, az \u00e1ltaluk ny\u00fajtott kulin\u00e1ris \u00e9lm\u00e9nyeket.<\/span><\/p>\n<p><strong>Dallmayr<\/strong><\/p>\n<p><span style=\"font-weight: 400;\">A Dallmayr a legfinomabb magasf\u00f6ldi arabica n\u00f6v\u00e9nyek cs\u00facskever\u00e9ke. Az arom\u00e1j\u00e1t k\u00fcl\u00f6n\u00f6sen meghat\u00e1roz\u00f3 fajt\u00e1k Eti\u00f3pi\u00e1b\u00f3l, a k\u00e1v\u00e9 \u0151shaz\u00e1j\u00e1b\u00f3l sz\u00e1rmaznak.\u00a0\u00a0<\/span><\/p>\n<p><strong>Fecsketet\u0151<\/strong><\/p>\n<p><span style=\"font-weight: 400;\">A klasszikus strandos l\u00e1ngos term\u00e9szetesen fel\u00fclm\u00falhatatlan \u2013 a strandon. De mi a helyzet, ha egy fesztiv\u00e1lon, menet k\u00f6zben, vagy \u00e9ppen egy koncertet hallgatva l\u00e1ngosozn\u00e1l? Ezekben a szitu\u00e1ci\u00f3kban annyira nem szerencs\u00e9s egy pizza m\u00e9ret\u0171, forr\u00f3 koronggal egyens\u00falyozni, amir\u0151l potyognak le a felt\u00e9tek, ugye? Erre a probl\u00e9m\u00e1ra tal\u00e1lta ki a Fecsketet\u0151 L\u00e1ngos vezet\u0151s\u00e9ge, hogy minden l\u00e1ngos legyen t\u00f6lt\u00f6tt. Sokkal k\u00f6nnyebb k\u00e9zbe fogni, \u00e9s egy ember is sim\u00e1n elmajszolja, mint egy szendvicset, nem kell kidobni a sz\u00e9l\u00e9t, mert m\u00e1r kih\u0171lt, vagy a v\u00e9g\u00e9re nem is k\u00edv\u00e1njuk m\u00e1r azt a p\u00e1r falatot.<\/span><\/p>\n<p><strong>Froyo Like<\/strong><\/p>\n<p><span style=\"font-weight: 400;\">Fagyasztott joghurtot \u00e1rus\u00edt\u00f3 truck, amely \u00f6nkiszolg\u00e1l\u00f3 rendszerben m\u0171k\u00f6dik. Egyszerre 6-f\u00e9le \u00edz \u00e9s sz\u00e1mos felt\u00e9t v\u00e1rja a vend\u00e9geket.<\/span><\/p>\n<p><strong>Gomolya pizza<\/strong><\/p>\n<p><span style=\"font-weight: 400;\">Kis csapatunk n\u00e1polyi st\u00edlus\u00fa pizz\u00e1k k\u00e9sz\u00edt\u00e9s\u00e9vel foglalkozik. Budapesten bel\u00fcl t\u00f6bb truckunk is elhelyezkedik, naprak\u00e9sz \u00e1rukkal, kedves kiszolg\u00e1l\u00f3kkal \u00e9s term\u00e9szetesen a legfinomabb pizz\u00e1val amit tudn\u00e1l enni a STRAND fesztiv\u00e1lon.<\/span><\/p>\n<p><strong>Happy Churros<\/strong><\/p>\n<p><span style=\"font-weight: 400;\">HAPPY CHURROS food truck, amiben a k\u00f6zkedvelt \u00e9s vil\u00e1gszerte ismert churrost k\u00e9sz\u00edtenek. Gyere, \u00e9s l\u00e9gy te is r\u00e9szese az igazi churros \u00e9lm\u00e9nynek!<\/span><\/p>\n<p><strong>Happy Pipi<\/strong><\/p>\n<p><span style=\"font-weight: 400;\">Biokontroll Hung\u00e1ria tan\u00fas\u00edtv\u00e1nnyal rendelkez\u0151, szabadon tartott bio grill csirk\u00e9k mellett zamatos szaftos Pipi husik, burgerek, nuggetsek, kolb\u00e1szok, veg\u00e1n hambik \u00e9s rengeteg \u00ednyenc men\u00fc v\u00e1r r\u00e1tok a Happy Pipi- n\u00e9l.<\/span><\/p>\n<p><strong>Meraki<\/strong><\/p>\n<p><span style=\"font-weight: 400;\">Autentikus g\u00f6r\u00f6g food truck mindig mozg\u00e1sban! Kedvenc gyros t\u00e1ladat, g\u00f6r\u00f6g sal\u00e1t\u00e1dat, grillezett halloumi sajtodat, hideg m\u00e1rtogat\u00f3s mezz\u00e9idet mind megtal\u00e1lod n\u00e1luk a ny\u00e1r elengedhetetlen h\u0171s\u00edt\u0151ivel.<\/span><\/p>\n<p><strong>Nemo<\/strong><\/p>\n<p><span style=\"font-weight: 400;\">Fish&amp;chips, calamari fritti&amp;chips, shrimps&amp;chips. Grillezett garn\u00e9la, polip, lazac \u00e9s tintahal v\u00e1rnak t\u00e9ged szeretettel a Nemo food truckn\u00e1l.<\/span><\/p>\n<p><strong>Nissin<\/strong><\/p>\n<p><span style=\"font-weight: 400;\">A Nissen food truckokn\u00e1l frissen k\u00e9sz\u00edtett Nissin term\u00e9keket k\u00f3stolhatnak a l\u00e1togat\u00f3k, de az otthoni k\u00e9szleteiket is kieg\u00e9sz\u00edthetik. Cup noodles, Soba \u00e9s sok m\u00e1s finoms\u00e1ggal v\u00e1runk, \u00c1zsia k\u00fcl\u00f6nleges \u00edzeinek legjav\u00e1val!<\/span><\/p>\n<p><strong>Pek-Snack\u00a0<\/strong><\/p>\n<p><span style=\"font-weight: 400;\">Friss, \u00edzletes, v\u00e1ltozatos- ez a Pek-Snack. Finoms\u00e1gainkra a nap b\u00e1rmely szak\u00e1ban, b\u00e1rmely helyzet\u00e9ben sz\u00e1m\u00edthat: munk\u00e1ba vagy iskol\u00e1ba menet, az irodai b\u00fcf\u00e9ben, vagy ak\u00e1r a STRAND fesztiv\u00e1lon is.<\/span><\/p>\n<p><strong>PizzaMe\u00a0<\/strong><\/p>\n<p><span style=\"font-weight: 400;\">\u00cdnyencs\u00e9gek v\u00e1rnak r\u00e1d! L\u00e1togass el hozz\u00e1juk \u00e9s k\u00f3stold meg a kiv\u00e1l\u00f3 pizzaszeleteiket!\u00a0<\/span><\/p>\n<p><strong>Rolling Chef<\/strong><\/p>\n<p><span style=\"font-weight: 400;\">K\u00fcl\u00f6nb\u00f6z\u0151 \u00ednyenc \u00e9telekkel k\u00e9sz\u00fclnek a Strand Fesztiv\u00e1lra! A megrendel\u0151 minden ig\u00e9ny\u00e9re odafigyelnek, mindig friss, ellen\u0151rz\u00f6tt \u00e9s els\u0151 oszt\u00e1ly\u00fa term\u00e9keket k\u00edn\u00e1lnak. Ezek mellett rendk\u00edv\u00fcli figyelmet ford\u00edtanak a k\u00f6rnyezetv\u00e9delemre.<\/span><\/p>\n<p><strong>Scruton<\/strong><\/p>\n<p><span style=\"font-weight: 400;\">A grillez\u00e9s egy olyan ny\u00e1ri program, ahol a term\u00e9szet energi\u00e1i \u00e9s a finom \u00edzek mindenkit t\u0171zbe hoznak. Ha te is szereted a frissen s\u00fclt \u00e9teleket, ne habozz a STRAND fesztiv\u00e1lon ell\u00e1togatni hozz\u00e1nk! Ir\u00e1ny be\u00edrni a programtervbe!<\/span><\/p>\n<p><strong>Simon\u2019s Burger<\/strong><\/p>\n<p><span style=\"font-weight: 400;\">Egy fajta amerikai hamburgert k\u00edn\u00e1lnak, de garant\u00e1lj\u00e1k, az lesz \u00e9leted legjobb burgere. Emellett magas min\u0151s\u00e9g\u0171 s\u00fclt krumplit \u00e9s shakeket biztos\u00edtanak.<\/span><\/p>\n<p><strong>Szak\u00e1llas medve<\/strong><\/p>\n<p><span style=\"font-weight: 400;\">Klasszikus bisztr\u00f3\u00e9telekkel \u00e9s kihagyhatatlan miccsel v\u00e1runk. A miccs egy hagyom\u00e1nyos erd\u00e9lyi fog\u00e1s, amely \u00edzletes, f\u0171szeres h\u00fasb\u00f3l k\u00e9sz\u00fcl, \u00e9s grillezve t\u00e1laljuk. Frissen s\u00fctve, ropog\u00f3s h\u00e9jjal \u00e9s szaftos bels\u0151vel igaz\u00e1n k\u00fcl\u00f6nleges gasztron\u00f3miai \u00e9lm\u00e9nyt ny\u00fajt.<\/span><\/p>\n<p><strong>Waffle Dog<\/strong><\/p>\n<p><span style=\"font-weight: 400;\">Dobd fel vel\u00fck a fesztiv\u00e1lt! Egyedi megjelen\u00e9s \u00e9s fantasztikus desszertek v\u00e1rnak a Waffle Dog-n\u00e1l.<\/span><\/p>\n<p><strong>Zing Burger<\/strong><\/p>\n<p><span style=\"font-weight: 400;\">Gondosan v\u00e1logatott alapanyagaikb\u00f3l egyt\u0151l egyig n\u00e1luk k\u00e9sz\u00fclnek a burgered hozz\u00e1val\u00f3i. Magas min\u0151s\u00e9g\u0171 hambijaik k\u00fcl\u00f6nleges \u00edz\u00e9lm\u00e9nnyel csak arra v\u00e1rnak, hogy kipr\u00f3b\u00e1ld \u0151ket.<\/span><\/p>\n","protected":false},"excerpt":{"rendered":"<p>A fesztiv\u00e1l ter\u00fclet\u00e9n t\u00f6bb, mint 30 vend\u00e9gl\u00e1t\u00f3hely \u00e9telk\u00edn\u00e1lat\u00e1b\u00f3l v\u00e1laszthatsz, melyek k\u00f6z\u00fcl sz\u00e1mos helyet a Street Kitchen aj\u00e1nl nektek. \u00c9telk\u00edn\u00e1latunkban veg\u00e1n \u00e9s h\u00fasmentes \u00e9telek is megtal\u00e1lhat\u00f3k. Gasztrot\u00e9rk\u00e9p\u00fcnkkel seg\u00edt\u00fcnk, hogy kedved szerint v\u00e9gigk\u00f3stolhasd a fesztiv\u00e1lt! Aldi Grill Zone Az Aldi, \u201e Az \u00c9v Frisssh\u00fas Keresked\u0151je 2023\u201d\u00a0 c\u00edm nyertese, a grillterm\u00e9kek rendk\u00edv\u00fcli gazdag k\u00edn\u00e1lat\u00e1val k\u00e9sz\u00fcl az igazi ny\u00e1ri [&hellip;]<\/p>\n","protected":false},"author":4,"featured_media":0,"parent":0,"menu_order":0,"comment_status":"closed","ping_status":"closed","template":"","meta":{"_acf_changed":false,"footnotes":""},"class_list":["post-3575","page","type-page","status-publish","hentry"],"acf":[],"yoast_head":"<!-- This site is optimized with the Yoast SEO plugin v27.5 - https:\/\/yoast.com\/product\/yoast-seo-wordpress\/ -->\n<title>Gasztrot\u00e9rk\u00e9p &#8902; Strand Fesztiv\u00e1l<\/title>\n<meta name=\"robots\" content=\"index, follow, max-snippet:-1, max-image-preview:large, max-video-preview:-1\" \/>\n<link rel=\"canonical\" href=\"https:\/\/strandfesztival.com\/hu\/gasztroterkep\/\" \/>\n<meta property=\"og:locale\" content=\"hu_HU\" \/>\n<meta property=\"og:type\" content=\"article\" \/>\n<meta property=\"og:title\" content=\"Gasztrot\u00e9rk\u00e9p &#8902; Strand Fesztiv\u00e1l\" \/>\n<meta property=\"og:description\" content=\"A fesztiv\u00e1l ter\u00fclet\u00e9n t\u00f6bb, mint 30 vend\u00e9gl\u00e1t\u00f3hely \u00e9telk\u00edn\u00e1lat\u00e1b\u00f3l v\u00e1laszthatsz, melyek k\u00f6z\u00fcl sz\u00e1mos helyet a Street Kitchen aj\u00e1nl nektek. \u00c9telk\u00edn\u00e1latunkban veg\u00e1n \u00e9s h\u00fasmentes \u00e9telek is megtal\u00e1lhat\u00f3k. Gasztrot\u00e9rk\u00e9p\u00fcnkkel seg\u00edt\u00fcnk, hogy kedved szerint v\u00e9gigk\u00f3stolhasd a fesztiv\u00e1lt! Aldi Grill Zone Az Aldi, \u201e Az \u00c9v Frisssh\u00fas Keresked\u0151je 2023\u201d\u00a0 c\u00edm nyertese, a grillterm\u00e9kek rendk\u00edv\u00fcli gazdag k\u00edn\u00e1lat\u00e1val k\u00e9sz\u00fcl az igazi ny\u00e1ri [&hellip;]\" \/>\n<meta property=\"og:url\" content=\"https:\/\/strandfesztival.com\/hu\/gasztroterkep\/\" \/>\n<meta property=\"og:site_name\" content=\"Strand Fesztiv\u00e1l\" \/>\n<meta property=\"article:publisher\" content=\"https:\/\/www.facebook.com\/StrandFesztival\" \/>\n<meta property=\"article:modified_time\" content=\"2024-08-21T11:25:04+00:00\" \/>\n<meta property=\"og:image\" content=\"https:\/\/strandfesztival.com\/wp-content\/uploads\/2024\/08\/terkep_gasztro_strand2024-1024x640.jpg\" \/>\n<meta name=\"twitter:card\" content=\"summary_large_image\" \/>\n<meta name=\"twitter:label1\" content=\"Becs\u00fclt olvas\u00e1si id\u0151\" \/>\n\t<meta name=\"twitter:data1\" content=\"4 perc\" \/>\n<script type=\"application\/ld+json\" class=\"yoast-schema-graph\">{\"@context\":\"https:\\\/\\\/schema.org\",\"@graph\":[{\"@type\":\"WebPage\",\"@id\":\"https:\\\/\\\/strandfesztival.com\\\/hu\\\/gasztroterkep\\\/\",\"url\":\"https:\\\/\\\/strandfesztival.com\\\/hu\\\/gasztroterkep\\\/\",\"name\":\"Gasztrot\u00e9rk\u00e9p &#8902; Strand Fesztiv\u00e1l\",\"isPartOf\":{\"@id\":\"https:\\\/\\\/strandfesztival.com\\\/hu\\\/#website\"},\"primaryImageOfPage\":{\"@id\":\"https:\\\/\\\/strandfesztival.com\\\/hu\\\/gasztroterkep\\\/#primaryimage\"},\"image\":{\"@id\":\"https:\\\/\\\/strandfesztival.com\\\/hu\\\/gasztroterkep\\\/#primaryimage\"},\"thumbnailUrl\":\"https:\\\/\\\/strandfesztival.com\\\/wp-content\\\/uploads\\\/2024\\\/08\\\/terkep_gasztro_strand2024-1024x640.jpg\",\"datePublished\":\"2024-08-19T18:48:06+00:00\",\"dateModified\":\"2024-08-21T11:25:04+00:00\",\"breadcrumb\":{\"@id\":\"https:\\\/\\\/strandfesztival.com\\\/hu\\\/gasztroterkep\\\/#breadcrumb\"},\"inLanguage\":\"hu\",\"potentialAction\":[{\"@type\":\"ReadAction\",\"target\":[\"https:\\\/\\\/strandfesztival.com\\\/hu\\\/gasztroterkep\\\/\"]}]},{\"@type\":\"ImageObject\",\"inLanguage\":\"hu\",\"@id\":\"https:\\\/\\\/strandfesztival.com\\\/hu\\\/gasztroterkep\\\/#primaryimage\",\"url\":\"https:\\\/\\\/strandfesztival.com\\\/wp-content\\\/uploads\\\/2024\\\/08\\\/terkep_gasztro_strand2024-1024x640.jpg\",\"contentUrl\":\"https:\\\/\\\/strandfesztival.com\\\/wp-content\\\/uploads\\\/2024\\\/08\\\/terkep_gasztro_strand2024-1024x640.jpg\"},{\"@type\":\"BreadcrumbList\",\"@id\":\"https:\\\/\\\/strandfesztival.com\\\/hu\\\/gasztroterkep\\\/#breadcrumb\",\"itemListElement\":[{\"@type\":\"ListItem\",\"position\":1,\"name\":\"Kezd\u0151lap\",\"item\":\"https:\\\/\\\/strandfesztival.com\\\/hu\\\/\"},{\"@type\":\"ListItem\",\"position\":2,\"name\":\"Gasztrot\u00e9rk\u00e9p\"}]},{\"@type\":\"WebSite\",\"@id\":\"https:\\\/\\\/strandfesztival.com\\\/hu\\\/#website\",\"url\":\"https:\\\/\\\/strandfesztival.com\\\/hu\\\/\",\"name\":\"STRAND Fesztiv\u00e1l\",\"description\":\"&#x2600;&#xfe0f; Strand &#x1f3d6;&#xfe0f; Csoda &#x2728; Balaton &#x2600;&#xfe0f;\",\"publisher\":{\"@id\":\"https:\\\/\\\/strandfesztival.com\\\/hu\\\/#organization\"},\"potentialAction\":[{\"@type\":\"SearchAction\",\"target\":{\"@type\":\"EntryPoint\",\"urlTemplate\":\"https:\\\/\\\/strandfesztival.com\\\/hu\\\/?s={search_term_string}\"},\"query-input\":{\"@type\":\"PropertyValueSpecification\",\"valueRequired\":true,\"valueName\":\"search_term_string\"}}],\"inLanguage\":\"hu\"},{\"@type\":\"Organization\",\"@id\":\"https:\\\/\\\/strandfesztival.com\\\/hu\\\/#organization\",\"name\":\"STRAND Fesztiv\u00e1l\",\"url\":\"https:\\\/\\\/strandfesztival.com\\\/hu\\\/\",\"logo\":{\"@type\":\"ImageObject\",\"inLanguage\":\"hu\",\"@id\":\"https:\\\/\\\/strandfesztival.com\\\/hu\\\/#\\\/schema\\\/logo\\\/image\\\/\",\"url\":\"https:\\\/\\\/strandfesztival.com\\\/wp-content\\\/uploads\\\/2025\\\/12\\\/strand-logo.svg\",\"contentUrl\":\"https:\\\/\\\/strandfesztival.com\\\/wp-content\\\/uploads\\\/2025\\\/12\\\/strand-logo.svg\",\"width\":1,\"height\":1,\"caption\":\"STRAND Fesztiv\u00e1l\"},\"image\":{\"@id\":\"https:\\\/\\\/strandfesztival.com\\\/hu\\\/#\\\/schema\\\/logo\\\/image\\\/\"},\"sameAs\":[\"https:\\\/\\\/www.facebook.com\\\/StrandFesztival\",\"https:\\\/\\\/www.instagram.com\\\/strandfesztival\\\/\"]}]}<\/script>\n<!-- \/ Yoast SEO plugin. -->","yoast_head_json":{"title":"Gasztrot\u00e9rk\u00e9p &#8902; Strand Fesztiv\u00e1l","robots":{"index":"index","follow":"follow","max-snippet":"max-snippet:-1","max-image-preview":"max-image-preview:large","max-video-preview":"max-video-preview:-1"},"canonical":"https:\/\/strandfesztival.com\/hu\/gasztroterkep\/","og_locale":"hu_HU","og_type":"article","og_title":"Gasztrot\u00e9rk\u00e9p &#8902; Strand Fesztiv\u00e1l","og_description":"A fesztiv\u00e1l ter\u00fclet\u00e9n t\u00f6bb, mint 30 vend\u00e9gl\u00e1t\u00f3hely \u00e9telk\u00edn\u00e1lat\u00e1b\u00f3l v\u00e1laszthatsz, melyek k\u00f6z\u00fcl sz\u00e1mos helyet a Street Kitchen aj\u00e1nl nektek. \u00c9telk\u00edn\u00e1latunkban veg\u00e1n \u00e9s h\u00fasmentes \u00e9telek is megtal\u00e1lhat\u00f3k. Gasztrot\u00e9rk\u00e9p\u00fcnkkel seg\u00edt\u00fcnk, hogy kedved szerint v\u00e9gigk\u00f3stolhasd a fesztiv\u00e1lt! Aldi Grill Zone Az Aldi, \u201e Az \u00c9v Frisssh\u00fas Keresked\u0151je 2023\u201d\u00a0 c\u00edm nyertese, a grillterm\u00e9kek rendk\u00edv\u00fcli gazdag k\u00edn\u00e1lat\u00e1val k\u00e9sz\u00fcl az igazi ny\u00e1ri [&hellip;]","og_url":"https:\/\/strandfesztival.com\/hu\/gasztroterkep\/","og_site_name":"Strand Fesztiv\u00e1l","article_publisher":"https:\/\/www.facebook.com\/StrandFesztival","article_modified_time":"2024-08-21T11:25:04+00:00","og_image":[{"url":"https:\/\/strandfesztival.com\/wp-content\/uploads\/2024\/08\/terkep_gasztro_strand2024-1024x640.jpg","type":"","width":"","height":""}],"twitter_card":"summary_large_image","twitter_misc":{"Becs\u00fclt olvas\u00e1si id\u0151":"4 perc"},"schema":{"@context":"https:\/\/schema.org","@graph":[{"@type":"WebPage","@id":"https:\/\/strandfesztival.com\/hu\/gasztroterkep\/","url":"https:\/\/strandfesztival.com\/hu\/gasztroterkep\/","name":"Gasztrot\u00e9rk\u00e9p &#8902; Strand Fesztiv\u00e1l","isPartOf":{"@id":"https:\/\/strandfesztival.com\/hu\/#website"},"primaryImageOfPage":{"@id":"https:\/\/strandfesztival.com\/hu\/gasztroterkep\/#primaryimage"},"image":{"@id":"https:\/\/strandfesztival.com\/hu\/gasztroterkep\/#primaryimage"},"thumbnailUrl":"https:\/\/strandfesztival.com\/wp-content\/uploads\/2024\/08\/terkep_gasztro_strand2024-1024x640.jpg","datePublished":"2024-08-19T18:48:06+00:00","dateModified":"2024-08-21T11:25:04+00:00","breadcrumb":{"@id":"https:\/\/strandfesztival.com\/hu\/gasztroterkep\/#breadcrumb"},"inLanguage":"hu","potentialAction":[{"@type":"ReadAction","target":["https:\/\/strandfesztival.com\/hu\/gasztroterkep\/"]}]},{"@type":"ImageObject","inLanguage":"hu","@id":"https:\/\/strandfesztival.com\/hu\/gasztroterkep\/#primaryimage","url":"https:\/\/strandfesztival.com\/wp-content\/uploads\/2024\/08\/terkep_gasztro_strand2024-1024x640.jpg","contentUrl":"https:\/\/strandfesztival.com\/wp-content\/uploads\/2024\/08\/terkep_gasztro_strand2024-1024x640.jpg"},{"@type":"BreadcrumbList","@id":"https:\/\/strandfesztival.com\/hu\/gasztroterkep\/#breadcrumb","itemListElement":[{"@type":"ListItem","position":1,"name":"Kezd\u0151lap","item":"https:\/\/strandfesztival.com\/hu\/"},{"@type":"ListItem","position":2,"name":"Gasztrot\u00e9rk\u00e9p"}]},{"@type":"WebSite","@id":"https:\/\/strandfesztival.com\/hu\/#website","url":"https:\/\/strandfesztival.com\/hu\/","name":"STRAND Fesztiv\u00e1l","description":"&#x2600;&#xfe0f; Strand &#x1f3d6;&#xfe0f; Csoda &#x2728; Balaton &#x2600;&#xfe0f;","publisher":{"@id":"https:\/\/strandfesztival.com\/hu\/#organization"},"potentialAction":[{"@type":"SearchAction","target":{"@type":"EntryPoint","urlTemplate":"https:\/\/strandfesztival.com\/hu\/?s={search_term_string}"},"query-input":{"@type":"PropertyValueSpecification","valueRequired":true,"valueName":"search_term_string"}}],"inLanguage":"hu"},{"@type":"Organization","@id":"https:\/\/strandfesztival.com\/hu\/#organization","name":"STRAND Fesztiv\u00e1l","url":"https:\/\/strandfesztival.com\/hu\/","logo":{"@type":"ImageObject","inLanguage":"hu","@id":"https:\/\/strandfesztival.com\/hu\/#\/schema\/logo\/image\/","url":"https:\/\/strandfesztival.com\/wp-content\/uploads\/2025\/12\/strand-logo.svg","contentUrl":"https:\/\/strandfesztival.com\/wp-content\/uploads\/2025\/12\/strand-logo.svg","width":1,"height":1,"caption":"STRAND Fesztiv\u00e1l"},"image":{"@id":"https:\/\/strandfesztival.com\/hu\/#\/schema\/logo\/image\/"},"sameAs":["https:\/\/www.facebook.com\/StrandFesztival","https:\/\/www.instagram.com\/strandfesztival\/"]}]}},"_links":{"self":[{"href":"https:\/\/strandfesztival.com\/hu\/wp-json\/wp\/v2\/pages\/3575","targetHints":{"allow":["GET"]}}],"collection":[{"href":"https:\/\/strandfesztival.com\/hu\/wp-json\/wp\/v2\/pages"}],"about":[{"href":"https:\/\/strandfesztival.com\/hu\/wp-json\/wp\/v2\/types\/page"}],"author":[{"embeddable":true,"href":"https:\/\/strandfesztival.com\/hu\/wp-json\/wp\/v2\/users\/4"}],"replies":[{"embeddable":true,"href":"https:\/\/strandfesztival.com\/hu\/wp-json\/wp\/v2\/comments?post=3575"}],"version-history":[{"count":0,"href":"https:\/\/strandfesztival.com\/hu\/wp-json\/wp\/v2\/pages\/3575\/revisions"}],"wp:attachment":[{"href":"https:\/\/strandfesztival.com\/hu\/wp-json\/wp\/v2\/media?parent=3575"}],"curies":[{"name":"wp","href":"https:\/\/api.w.org\/{rel}","templated":true}]}}