{"id":3550,"date":"2024-08-19T16:07:57","date_gmt":"2024-08-19T14:07:57","guid":{"rendered":"https:\/\/strandfesztival.com\/?page_id=3550"},"modified":"2024-08-19T16:11:09","modified_gmt":"2024-08-19T14:11:09","slug":"toltsd-le-a-strand-appot","status":"publish","type":"page","link":"https:\/\/strandfesztival.com\/hu\/toltsd-le-a-strand-appot\/","title":{"rendered":"T\u00f6ltsd le a STRAND appot!"},"content":{"rendered":"<p>&nbsp;<\/p>\n<p style=\"text-align: center;\"><strong><a href=\"https:\/\/play.google.com\/store\/apps\/details?id=com.appmiral.strandfesztival\">ANDROIDRA &#8211; KATT IDE! \u00a0 <\/a><\/strong><\/p>\n<p style=\"text-align: center;\"><a href=\"https:\/\/apps.apple.com\/hu\/app\/strand-fesztiv%C3%A1l\/id1142552350\"><strong>IOS-RE &#8211; KATT IDE!<\/strong><\/a><\/p>\n<p style=\"text-align: center;\"><img loading=\"lazy\" decoding=\"async\" class=\"wp-image-3551 aligncenter\" src=\"https:\/\/strandfesztival.com\/wp-content\/uploads\/2024\/08\/mobilapp__str2024_crop-524x1024.png\" alt=\"\" width=\"161\" height=\"315\" srcset=\"https:\/\/strandfesztival.com\/wp-content\/uploads\/2024\/08\/mobilapp__str2024_crop-524x1024.png 524w, https:\/\/strandfesztival.com\/wp-content\/uploads\/2024\/08\/mobilapp__str2024_crop-154x300.png 154w, https:\/\/strandfesztival.com\/wp-content\/uploads\/2024\/08\/mobilapp__str2024_crop.png 642w\" sizes=\"auto, (max-width: 161px) 100vw, 161px\" \/><\/p>\n","protected":false},"excerpt":{"rendered":"<p>&nbsp; ANDROIDRA &#8211; KATT IDE! \u00a0 IOS-RE &#8211; KATT IDE!<\/p>\n","protected":false},"author":4,"featured_media":0,"parent":0,"menu_order":0,"comment_status":"closed","ping_status":"closed","template":"","meta":{"_acf_changed":false,"footnotes":""},"class_list":["post-3550","page","type-page","status-publish","hentry"],"acf":[],"yoast_head":"<!-- This site is optimized with the Yoast SEO plugin v27.5 - https:\/\/yoast.com\/product\/yoast-seo-wordpress\/ -->\n<title>T\u00f6ltsd le a STRAND appot! &#8902; Strand Fesztiv\u00e1l<\/title>\n<meta name=\"robots\" content=\"index, follow, max-snippet:-1, max-image-preview:large, max-video-preview:-1\" \/>\n<link rel=\"canonical\" href=\"https:\/\/strandfesztival.com\/hu\/toltsd-le-a-strand-appot\/\" \/>\n<meta property=\"og:locale\" content=\"hu_HU\" \/>\n<meta property=\"og:type\" content=\"article\" \/>\n<meta property=\"og:title\" content=\"T\u00f6ltsd le a STRAND appot! &#8902; Strand Fesztiv\u00e1l\" \/>\n<meta property=\"og:description\" content=\"&nbsp; ANDROIDRA &#8211; KATT IDE! \u00a0 IOS-RE &#8211; KATT IDE!\" \/>\n<meta property=\"og:url\" content=\"https:\/\/strandfesztival.com\/hu\/toltsd-le-a-strand-appot\/\" \/>\n<meta property=\"og:site_name\" content=\"Strand Fesztiv\u00e1l\" \/>\n<meta property=\"article:publisher\" content=\"https:\/\/www.facebook.com\/StrandFesztival\" \/>\n<meta property=\"article:modified_time\" content=\"2024-08-19T14:11:09+00:00\" \/>\n<meta property=\"og:image\" content=\"https:\/\/strandfesztival.com\/wp-content\/uploads\/2024\/08\/mobilapp__str2024_crop-524x1024.png\" \/>\n<meta name=\"twitter:card\" content=\"summary_large_image\" \/>\n<meta name=\"twitter:label1\" content=\"Becs\u00fclt olvas\u00e1si id\u0151\" \/>\n\t<meta name=\"twitter:data1\" content=\"1 perc\" \/>\n<script type=\"application\/ld+json\" class=\"yoast-schema-graph\">{\"@context\":\"https:\\\/\\\/schema.org\",\"@graph\":[{\"@type\":\"WebPage\",\"@id\":\"https:\\\/\\\/strandfesztival.com\\\/hu\\\/toltsd-le-a-strand-appot\\\/\",\"url\":\"https:\\\/\\\/strandfesztival.com\\\/hu\\\/toltsd-le-a-strand-appot\\\/\",\"name\":\"T\u00f6ltsd le a STRAND appot! &#8902; Strand Fesztiv\u00e1l\",\"isPartOf\":{\"@id\":\"https:\\\/\\\/strandfesztival.com\\\/hu\\\/#website\"},\"primaryImageOfPage\":{\"@id\":\"https:\\\/\\\/strandfesztival.com\\\/hu\\\/toltsd-le-a-strand-appot\\\/#primaryimage\"},\"image\":{\"@id\":\"https:\\\/\\\/strandfesztival.com\\\/hu\\\/toltsd-le-a-strand-appot\\\/#primaryimage\"},\"thumbnailUrl\":\"https:\\\/\\\/strandfesztival.com\\\/wp-content\\\/uploads\\\/2024\\\/08\\\/mobilapp__str2024_crop-524x1024.png\",\"datePublished\":\"2024-08-19T14:07:57+00:00\",\"dateModified\":\"2024-08-19T14:11:09+00:00\",\"breadcrumb\":{\"@id\":\"https:\\\/\\\/strandfesztival.com\\\/hu\\\/toltsd-le-a-strand-appot\\\/#breadcrumb\"},\"inLanguage\":\"hu\",\"potentialAction\":[{\"@type\":\"ReadAction\",\"target\":[\"https:\\\/\\\/strandfesztival.com\\\/hu\\\/toltsd-le-a-strand-appot\\\/\"]}]},{\"@type\":\"ImageObject\",\"inLanguage\":\"hu\",\"@id\":\"https:\\\/\\\/strandfesztival.com\\\/hu\\\/toltsd-le-a-strand-appot\\\/#primaryimage\",\"url\":\"https:\\\/\\\/strandfesztival.com\\\/wp-content\\\/uploads\\\/2024\\\/08\\\/mobilapp__str2024_crop-524x1024.png\",\"contentUrl\":\"https:\\\/\\\/strandfesztival.com\\\/wp-content\\\/uploads\\\/2024\\\/08\\\/mobilapp__str2024_crop-524x1024.png\"},{\"@type\":\"BreadcrumbList\",\"@id\":\"https:\\\/\\\/strandfesztival.com\\\/hu\\\/toltsd-le-a-strand-appot\\\/#breadcrumb\",\"itemListElement\":[{\"@type\":\"ListItem\",\"position\":1,\"name\":\"Kezd\u0151lap\",\"item\":\"https:\\\/\\\/strandfesztival.com\\\/hu\\\/\"},{\"@type\":\"ListItem\",\"position\":2,\"name\":\"T\u00f6ltsd le a STRAND appot!\"}]},{\"@type\":\"WebSite\",\"@id\":\"https:\\\/\\\/strandfesztival.com\\\/hu\\\/#website\",\"url\":\"https:\\\/\\\/strandfesztival.com\\\/hu\\\/\",\"name\":\"STRAND Fesztiv\u00e1l\",\"description\":\"&#x2600;&#xfe0f; Strand &#x1f3d6;&#xfe0f; Csoda &#x2728; Balaton &#x2600;&#xfe0f;\",\"publisher\":{\"@id\":\"https:\\\/\\\/strandfesztival.com\\\/hu\\\/#organization\"},\"potentialAction\":[{\"@type\":\"SearchAction\",\"target\":{\"@type\":\"EntryPoint\",\"urlTemplate\":\"https:\\\/\\\/strandfesztival.com\\\/hu\\\/?s={search_term_string}\"},\"query-input\":{\"@type\":\"PropertyValueSpecification\",\"valueRequired\":true,\"valueName\":\"search_term_string\"}}],\"inLanguage\":\"hu\"},{\"@type\":\"Organization\",\"@id\":\"https:\\\/\\\/strandfesztival.com\\\/hu\\\/#organization\",\"name\":\"STRAND Fesztiv\u00e1l\",\"url\":\"https:\\\/\\\/strandfesztival.com\\\/hu\\\/\",\"logo\":{\"@type\":\"ImageObject\",\"inLanguage\":\"hu\",\"@id\":\"https:\\\/\\\/strandfesztival.com\\\/hu\\\/#\\\/schema\\\/logo\\\/image\\\/\",\"url\":\"https:\\\/\\\/strandfesztival.com\\\/wp-content\\\/uploads\\\/2025\\\/12\\\/strand-logo.svg\",\"contentUrl\":\"https:\\\/\\\/strandfesztival.com\\\/wp-content\\\/uploads\\\/2025\\\/12\\\/strand-logo.svg\",\"width\":1,\"height\":1,\"caption\":\"STRAND Fesztiv\u00e1l\"},\"image\":{\"@id\":\"https:\\\/\\\/strandfesztival.com\\\/hu\\\/#\\\/schema\\\/logo\\\/image\\\/\"},\"sameAs\":[\"https:\\\/\\\/www.facebook.com\\\/StrandFesztival\",\"https:\\\/\\\/www.instagram.com\\\/strandfesztival\\\/\"]}]}<\/script>\n<!-- \/ Yoast SEO plugin. -->","yoast_head_json":{"title":"T\u00f6ltsd le a STRAND appot! &#8902; Strand Fesztiv\u00e1l","robots":{"index":"index","follow":"follow","max-snippet":"max-snippet:-1","max-image-preview":"max-image-preview:large","max-video-preview":"max-video-preview:-1"},"canonical":"https:\/\/strandfesztival.com\/hu\/toltsd-le-a-strand-appot\/","og_locale":"hu_HU","og_type":"article","og_title":"T\u00f6ltsd le a STRAND appot! &#8902; Strand Fesztiv\u00e1l","og_description":"&nbsp; ANDROIDRA &#8211; KATT IDE! \u00a0 IOS-RE &#8211; KATT IDE!","og_url":"https:\/\/strandfesztival.com\/hu\/toltsd-le-a-strand-appot\/","og_site_name":"Strand Fesztiv\u00e1l","article_publisher":"https:\/\/www.facebook.com\/StrandFesztival","article_modified_time":"2024-08-19T14:11:09+00:00","og_image":[{"url":"https:\/\/strandfesztival.com\/wp-content\/uploads\/2024\/08\/mobilapp__str2024_crop-524x1024.png","type":"","width":"","height":""}],"twitter_card":"summary_large_image","twitter_misc":{"Becs\u00fclt olvas\u00e1si id\u0151":"1 perc"},"schema":{"@context":"https:\/\/schema.org","@graph":[{"@type":"WebPage","@id":"https:\/\/strandfesztival.com\/hu\/toltsd-le-a-strand-appot\/","url":"https:\/\/strandfesztival.com\/hu\/toltsd-le-a-strand-appot\/","name":"T\u00f6ltsd le a STRAND appot! &#8902; Strand Fesztiv\u00e1l","isPartOf":{"@id":"https:\/\/strandfesztival.com\/hu\/#website"},"primaryImageOfPage":{"@id":"https:\/\/strandfesztival.com\/hu\/toltsd-le-a-strand-appot\/#primaryimage"},"image":{"@id":"https:\/\/strandfesztival.com\/hu\/toltsd-le-a-strand-appot\/#primaryimage"},"thumbnailUrl":"https:\/\/strandfesztival.com\/wp-content\/uploads\/2024\/08\/mobilapp__str2024_crop-524x1024.png","datePublished":"2024-08-19T14:07:57+00:00","dateModified":"2024-08-19T14:11:09+00:00","breadcrumb":{"@id":"https:\/\/strandfesztival.com\/hu\/toltsd-le-a-strand-appot\/#breadcrumb"},"inLanguage":"hu","potentialAction":[{"@type":"ReadAction","target":["https:\/\/strandfesztival.com\/hu\/toltsd-le-a-strand-appot\/"]}]},{"@type":"ImageObject","inLanguage":"hu","@id":"https:\/\/strandfesztival.com\/hu\/toltsd-le-a-strand-appot\/#primaryimage","url":"https:\/\/strandfesztival.com\/wp-content\/uploads\/2024\/08\/mobilapp__str2024_crop-524x1024.png","contentUrl":"https:\/\/strandfesztival.com\/wp-content\/uploads\/2024\/08\/mobilapp__str2024_crop-524x1024.png"},{"@type":"BreadcrumbList","@id":"https:\/\/strandfesztival.com\/hu\/toltsd-le-a-strand-appot\/#breadcrumb","itemListElement":[{"@type":"ListItem","position":1,"name":"Kezd\u0151lap","item":"https:\/\/strandfesztival.com\/hu\/"},{"@type":"ListItem","position":2,"name":"T\u00f6ltsd le a STRAND appot!"}]},{"@type":"WebSite","@id":"https:\/\/strandfesztival.com\/hu\/#website","url":"https:\/\/strandfesztival.com\/hu\/","name":"STRAND Fesztiv\u00e1l","description":"&#x2600;&#xfe0f; Strand &#x1f3d6;&#xfe0f; Csoda &#x2728; Balaton &#x2600;&#xfe0f;","publisher":{"@id":"https:\/\/strandfesztival.com\/hu\/#organization"},"potentialAction":[{"@type":"SearchAction","target":{"@type":"EntryPoint","urlTemplate":"https:\/\/strandfesztival.com\/hu\/?s={search_term_string}"},"query-input":{"@type":"PropertyValueSpecification","valueRequired":true,"valueName":"search_term_string"}}],"inLanguage":"hu"},{"@type":"Organization","@id":"https:\/\/strandfesztival.com\/hu\/#organization","name":"STRAND Fesztiv\u00e1l","url":"https:\/\/strandfesztival.com\/hu\/","logo":{"@type":"ImageObject","inLanguage":"hu","@id":"https:\/\/strandfesztival.com\/hu\/#\/schema\/logo\/image\/","url":"https:\/\/strandfesztival.com\/wp-content\/uploads\/2025\/12\/strand-logo.svg","contentUrl":"https:\/\/strandfesztival.com\/wp-content\/uploads\/2025\/12\/strand-logo.svg","width":1,"height":1,"caption":"STRAND Fesztiv\u00e1l"},"image":{"@id":"https:\/\/strandfesztival.com\/hu\/#\/schema\/logo\/image\/"},"sameAs":["https:\/\/www.facebook.com\/StrandFesztival","https:\/\/www.instagram.com\/strandfesztival\/"]}]}},"_links":{"self":[{"href":"https:\/\/strandfesztival.com\/hu\/wp-json\/wp\/v2\/pages\/3550","targetHints":{"allow":["GET"]}}],"collection":[{"href":"https:\/\/strandfesztival.com\/hu\/wp-json\/wp\/v2\/pages"}],"about":[{"href":"https:\/\/strandfesztival.com\/hu\/wp-json\/wp\/v2\/types\/page"}],"author":[{"embeddable":true,"href":"https:\/\/strandfesztival.com\/hu\/wp-json\/wp\/v2\/users\/4"}],"replies":[{"embeddable":true,"href":"https:\/\/strandfesztival.com\/hu\/wp-json\/wp\/v2\/comments?post=3550"}],"version-history":[{"count":0,"href":"https:\/\/strandfesztival.com\/hu\/wp-json\/wp\/v2\/pages\/3550\/revisions"}],"wp:attachment":[{"href":"https:\/\/strandfesztival.com\/hu\/wp-json\/wp\/v2\/media?parent=3550"}],"curies":[{"name":"wp","href":"https:\/\/api.w.org\/{rel}","templated":true}]}}