{"id":3305,"date":"2024-04-29T19:19:28","date_gmt":"2024-04-29T17:19:28","guid":{"rendered":"https:\/\/strandfesztival.com\/?page_id=3305"},"modified":"2024-04-29T19:20:56","modified_gmt":"2024-04-29T17:20:56","slug":"kontakt","status":"publish","type":"page","link":"https:\/\/strandfesztival.com\/hu\/kontakt\/","title":{"rendered":"Kontakt"},"content":{"rendered":"<p style=\"text-align: left;\"><strong>\u00c1ltal\u00e1nos inform\u00e1ci\u00f3k: <a href=\"mailto:info@strandfesztival.com\">info@strandfesztival.com<\/a><\/strong><\/p>\n<p style=\"text-align: left;\"><strong>Jegyprobl\u00e9m\u00e1k eset\u00e9n: <a href=\"mailto:jegy@strandfesztival.com\">jegy@strandfesztival.com<\/a><\/strong><\/p>\n<p style=\"text-align: left;\"><strong>Sajt\u00f3 megkeres\u00e9sek: <a href=\"mailto:sajto@nagyonbalaton.hu\">sajto@nagyonbalaton.hu<\/a><\/strong><\/p>\n","protected":false},"excerpt":{"rendered":"<p>\u00c1ltal\u00e1nos inform\u00e1ci\u00f3k: info@strandfesztival.com Jegyprobl\u00e9m\u00e1k eset\u00e9n: jegy@strandfesztival.com Sajt\u00f3 megkeres\u00e9sek: sajto@nagyonbalaton.hu<\/p>\n","protected":false},"author":4,"featured_media":0,"parent":0,"menu_order":0,"comment_status":"closed","ping_status":"closed","template":"","meta":{"_acf_changed":false,"footnotes":""},"class_list":["post-3305","page","type-page","status-publish","hentry"],"acf":[],"yoast_head":"<!-- This site is optimized with the Yoast SEO plugin v25.7 - https:\/\/yoast.com\/wordpress\/plugins\/seo\/ -->\n<title>Kontakt &#8902; Strand Fesztiv\u00e1l<\/title>\n<meta name=\"robots\" content=\"index, follow, max-snippet:-1, max-image-preview:large, max-video-preview:-1\" \/>\n<link rel=\"canonical\" href=\"https:\/\/strandfesztival.com\/hu\/kontakt\/\" \/>\n<meta property=\"og:locale\" content=\"hu_HU\" \/>\n<meta property=\"og:type\" content=\"article\" \/>\n<meta property=\"og:title\" content=\"Kontakt &#8902; Strand Fesztiv\u00e1l\" \/>\n<meta property=\"og:description\" content=\"\u00c1ltal\u00e1nos inform\u00e1ci\u00f3k: info@strandfesztival.com Jegyprobl\u00e9m\u00e1k eset\u00e9n: jegy@strandfesztival.com Sajt\u00f3 megkeres\u00e9sek: sajto@nagyonbalaton.hu\" \/>\n<meta property=\"og:url\" content=\"https:\/\/strandfesztival.com\/hu\/kontakt\/\" \/>\n<meta property=\"og:site_name\" content=\"Strand Fesztiv\u00e1l\" \/>\n<meta property=\"article:publisher\" content=\"https:\/\/www.facebook.com\/StrandFesztival\" \/>\n<meta property=\"article:modified_time\" content=\"2024-04-29T17:20:56+00:00\" \/>\n<meta property=\"og:image\" content=\"https:\/\/strandfesztival.com\/wp-content\/uploads\/2026\/02\/str2026.jpg\" \/>\n\t<meta property=\"og:image:width\" content=\"768\" \/>\n\t<meta property=\"og:image:height\" content=\"326\" \/>\n\t<meta property=\"og:image:type\" content=\"image\/jpeg\" \/>\n<meta name=\"twitter:card\" content=\"summary_large_image\" \/>\n<meta name=\"twitter:label1\" content=\"Becs\u00fclt olvas\u00e1si id\u0151\" \/>\n\t<meta name=\"twitter:data1\" content=\"1 perc\" \/>\n<script type=\"application\/ld+json\" class=\"yoast-schema-graph\">{\"@context\":\"https:\/\/schema.org\",\"@graph\":[{\"@type\":\"WebPage\",\"@id\":\"https:\/\/strandfesztival.com\/hu\/kontakt\/\",\"url\":\"https:\/\/strandfesztival.com\/hu\/kontakt\/\",\"name\":\"Kontakt &#8902; Strand Fesztiv\u00e1l\",\"isPartOf\":{\"@id\":\"https:\/\/strandfesztival.com\/hu\/#website\"},\"datePublished\":\"2024-04-29T17:19:28+00:00\",\"dateModified\":\"2024-04-29T17:20:56+00:00\",\"breadcrumb\":{\"@id\":\"https:\/\/strandfesztival.com\/hu\/kontakt\/#breadcrumb\"},\"inLanguage\":\"hu\",\"potentialAction\":[{\"@type\":\"ReadAction\",\"target\":[\"https:\/\/strandfesztival.com\/hu\/kontakt\/\"]}]},{\"@type\":\"BreadcrumbList\",\"@id\":\"https:\/\/strandfesztival.com\/hu\/kontakt\/#breadcrumb\",\"itemListElement\":[{\"@type\":\"ListItem\",\"position\":1,\"name\":\"Kezd\u0151lap\",\"item\":\"https:\/\/strandfesztival.com\/hu\/\"},{\"@type\":\"ListItem\",\"position\":2,\"name\":\"Kontakt\"}]},{\"@type\":\"WebSite\",\"@id\":\"https:\/\/strandfesztival.com\/hu\/#website\",\"url\":\"https:\/\/strandfesztival.com\/hu\/\",\"name\":\"STRAND Fesztiv\u00e1l\",\"description\":\"&#x2600;&#xfe0f; Strand &#x1f3d6;&#xfe0f; Csoda &#x2728; Balaton &#x2600;&#xfe0f;\",\"publisher\":{\"@id\":\"https:\/\/strandfesztival.com\/hu\/#organization\"},\"potentialAction\":[{\"@type\":\"SearchAction\",\"target\":{\"@type\":\"EntryPoint\",\"urlTemplate\":\"https:\/\/strandfesztival.com\/hu\/?s={search_term_string}\"},\"query-input\":{\"@type\":\"PropertyValueSpecification\",\"valueRequired\":true,\"valueName\":\"search_term_string\"}}],\"inLanguage\":\"hu\"},{\"@type\":\"Organization\",\"@id\":\"https:\/\/strandfesztival.com\/hu\/#organization\",\"name\":\"STRAND Fesztiv\u00e1l\",\"url\":\"https:\/\/strandfesztival.com\/hu\/\",\"logo\":{\"@type\":\"ImageObject\",\"inLanguage\":\"hu\",\"@id\":\"https:\/\/strandfesztival.com\/hu\/#\/schema\/logo\/image\/\",\"url\":\"https:\/\/strandfesztival.com\/wp-content\/uploads\/2025\/12\/strand-logo.svg\",\"contentUrl\":\"https:\/\/strandfesztival.com\/wp-content\/uploads\/2025\/12\/strand-logo.svg\",\"width\":1,\"height\":1,\"caption\":\"STRAND Fesztiv\u00e1l\"},\"image\":{\"@id\":\"https:\/\/strandfesztival.com\/hu\/#\/schema\/logo\/image\/\"},\"sameAs\":[\"https:\/\/www.facebook.com\/StrandFesztival\",\"https:\/\/www.instagram.com\/strandfesztival\/\"]}]}<\/script>\n<!-- \/ Yoast SEO plugin. -->","yoast_head_json":{"title":"Kontakt &#8902; Strand Fesztiv\u00e1l","robots":{"index":"index","follow":"follow","max-snippet":"max-snippet:-1","max-image-preview":"max-image-preview:large","max-video-preview":"max-video-preview:-1"},"canonical":"https:\/\/strandfesztival.com\/hu\/kontakt\/","og_locale":"hu_HU","og_type":"article","og_title":"Kontakt &#8902; Strand Fesztiv\u00e1l","og_description":"\u00c1ltal\u00e1nos inform\u00e1ci\u00f3k: info@strandfesztival.com Jegyprobl\u00e9m\u00e1k eset\u00e9n: jegy@strandfesztival.com Sajt\u00f3 megkeres\u00e9sek: sajto@nagyonbalaton.hu","og_url":"https:\/\/strandfesztival.com\/hu\/kontakt\/","og_site_name":"Strand Fesztiv\u00e1l","article_publisher":"https:\/\/www.facebook.com\/StrandFesztival","article_modified_time":"2024-04-29T17:20:56+00:00","og_image":[{"width":768,"height":326,"url":"https:\/\/strandfesztival.com\/wp-content\/uploads\/2026\/02\/str2026.jpg","type":"image\/jpeg"}],"twitter_card":"summary_large_image","twitter_misc":{"Becs\u00fclt olvas\u00e1si id\u0151":"1 perc"},"schema":{"@context":"https:\/\/schema.org","@graph":[{"@type":"WebPage","@id":"https:\/\/strandfesztival.com\/hu\/kontakt\/","url":"https:\/\/strandfesztival.com\/hu\/kontakt\/","name":"Kontakt &#8902; Strand Fesztiv\u00e1l","isPartOf":{"@id":"https:\/\/strandfesztival.com\/hu\/#website"},"datePublished":"2024-04-29T17:19:28+00:00","dateModified":"2024-04-29T17:20:56+00:00","breadcrumb":{"@id":"https:\/\/strandfesztival.com\/hu\/kontakt\/#breadcrumb"},"inLanguage":"hu","potentialAction":[{"@type":"ReadAction","target":["https:\/\/strandfesztival.com\/hu\/kontakt\/"]}]},{"@type":"BreadcrumbList","@id":"https:\/\/strandfesztival.com\/hu\/kontakt\/#breadcrumb","itemListElement":[{"@type":"ListItem","position":1,"name":"Kezd\u0151lap","item":"https:\/\/strandfesztival.com\/hu\/"},{"@type":"ListItem","position":2,"name":"Kontakt"}]},{"@type":"WebSite","@id":"https:\/\/strandfesztival.com\/hu\/#website","url":"https:\/\/strandfesztival.com\/hu\/","name":"STRAND Fesztiv\u00e1l","description":"&#x2600;&#xfe0f; Strand &#x1f3d6;&#xfe0f; Csoda &#x2728; Balaton &#x2600;&#xfe0f;","publisher":{"@id":"https:\/\/strandfesztival.com\/hu\/#organization"},"potentialAction":[{"@type":"SearchAction","target":{"@type":"EntryPoint","urlTemplate":"https:\/\/strandfesztival.com\/hu\/?s={search_term_string}"},"query-input":{"@type":"PropertyValueSpecification","valueRequired":true,"valueName":"search_term_string"}}],"inLanguage":"hu"},{"@type":"Organization","@id":"https:\/\/strandfesztival.com\/hu\/#organization","name":"STRAND Fesztiv\u00e1l","url":"https:\/\/strandfesztival.com\/hu\/","logo":{"@type":"ImageObject","inLanguage":"hu","@id":"https:\/\/strandfesztival.com\/hu\/#\/schema\/logo\/image\/","url":"https:\/\/strandfesztival.com\/wp-content\/uploads\/2025\/12\/strand-logo.svg","contentUrl":"https:\/\/strandfesztival.com\/wp-content\/uploads\/2025\/12\/strand-logo.svg","width":1,"height":1,"caption":"STRAND Fesztiv\u00e1l"},"image":{"@id":"https:\/\/strandfesztival.com\/hu\/#\/schema\/logo\/image\/"},"sameAs":["https:\/\/www.facebook.com\/StrandFesztival","https:\/\/www.instagram.com\/strandfesztival\/"]}]}},"_links":{"self":[{"href":"https:\/\/strandfesztival.com\/hu\/wp-json\/wp\/v2\/pages\/3305","targetHints":{"allow":["GET"]}}],"collection":[{"href":"https:\/\/strandfesztival.com\/hu\/wp-json\/wp\/v2\/pages"}],"about":[{"href":"https:\/\/strandfesztival.com\/hu\/wp-json\/wp\/v2\/types\/page"}],"author":[{"embeddable":true,"href":"https:\/\/strandfesztival.com\/hu\/wp-json\/wp\/v2\/users\/4"}],"replies":[{"embeddable":true,"href":"https:\/\/strandfesztival.com\/hu\/wp-json\/wp\/v2\/comments?post=3305"}],"version-history":[{"count":0,"href":"https:\/\/strandfesztival.com\/hu\/wp-json\/wp\/v2\/pages\/3305\/revisions"}],"wp:attachment":[{"href":"https:\/\/strandfesztival.com\/hu\/wp-json\/wp\/v2\/media?parent=3305"}],"curies":[{"name":"wp","href":"https:\/\/api.w.org\/{rel}","templated":true}]}}