{"id":193,"date":"2022-07-26T00:41:47","date_gmt":"2022-07-25T22:41:47","guid":{"rendered":"https:\/\/strandfesztival.com\/?page_id=193"},"modified":"2025-12-19T13:58:37","modified_gmt":"2025-12-19T12:58:37","slug":"sajtoanyagok","status":"publish","type":"page","link":"https:\/\/strandfesztival.com\/hu\/sajtoanyagok\/","title":{"rendered":"Sajt\u00f3anyagok"},"content":{"rendered":"<p><span style=\"color: #ff6600;\"><a style=\"color: #ff6600;\" href=\"https:\/\/strandfesztival.com\/wp-content\/uploads\/2025\/12\/2025-12-19-Timmy-Trumpet-e\u0301s-Majka-nyitja-a-STRAND-Fesztiva\u0301lt.docx\"><strong>2025.12.19. Timmy Trumpet \u00e9s Majka nyitja a STRAND Fesztiv\u00e1lt<\/strong><\/a><\/span><\/p>\n<p><strong><span style=\"color: #ff6600;\"><a style=\"color: #ff6600;\" href=\"https:\/\/strandfesztival.com\/wp-content\/uploads\/2025\/11\/STRAND-hi\u0301r-dec-1.docx\" target=\"_blank\" rel=\"noopener\">2025.12.01. 2026-ban k\u00e9t nagysz\u00ednpaddal \u00fcnnepli a magyar zen\u00e9ket a STRAND<\/a><\/span><\/strong><\/p>\n<p><span style=\"color: #ff6600;\"><strong><a style=\"color: #ff6600;\" href=\"https:\/\/strandfesztival.com\/wp-content\/uploads\/2025\/08\/2025-08-25-strand2025-zaro.docx\">2025.08.15.Hatalmas sikerrel z\u00e1rt a STRAND Fesztiv\u00e1l, a Balaton legnagyobb esem\u00e9nye<\/a><\/strong><\/span><\/p>\n<p><strong><span style=\"color: #ff6600;\"><a style=\"color: #ff6600;\" href=\"https:\/\/strandfesztival.com\/wp-content\/uploads\/2025\/08\/Sajto\u0301anyag_STRAND-Fesztiva\u0301l.docx\">2025.08.13. Pumped Gabo a nagysz\u00ednpadon, a Balaton legmagasabb tornya, cirkuszi produkci\u00f3 a k\u00f6z\u00f6ns\u00e9g felett \u00e9s kiss cam &#8211; Extra \u00fajdons\u00e1gok \u00e9rkeznek a STRAND Fesztiv\u00e1lra!<\/a><\/span><\/strong><\/p>\n<p><span style=\"color: #ff6600;\"><strong><a style=\"color: #ff6600;\" href=\"https:\/\/strandfesztival.com\/wp-content\/uploads\/2025\/07\/2025-07-31-city.docx\">2025.07.31.<\/a> \u00daj v\u00e1ros \u00e9p\u00fcl Zam\u00e1rdiban: indul a Telekom STRAND CITY!<\/strong><\/span><\/p>\n<p><span style=\"color: #ff6600;\"><strong><a style=\"color: #ff6600;\" href=\"https:\/\/strandfesztival.com\/wp-content\/uploads\/2025\/06\/2026-06-19-Teljes-a-STRAND-Fesztiva\u0301l-zenei-programja.docx\">2025.06.19. Teljes a STRAND fesztiv\u00e1l zenei programja<\/a><\/strong><\/span><\/p>\n<p><strong><span style=\"color: #ff6600;\"><a style=\"color: #ff6600;\" href=\"https:\/\/strandfesztival.com\/wp-content\/uploads\/2025\/02\/STRAND_0nap_sajtohir_20250220.docx\">2025-02.20. Egy nappal hosszabb lesz a STRAND Fesztiv\u00e1l!<\/a><\/span><\/strong><\/p>\n<p><span style=\"color: #ff6600;\"><a style=\"color: #ff6600;\" href=\"https:\/\/strandfesztival.com\/wp-content\/uploads\/2024\/10\/2024-10-29-Zamardi-a-STRAND-Fesztival-mellett-dontott-2.docx\"><strong>2024.10.29. Zam\u00e1rdi a STRAND fesztiv\u00e1l mellett d\u00f6nt\u00f6tt<\/strong><\/a><\/span><\/p>\n<p><span style=\"color: #ff6600;\"><strong><a style=\"color: #ff6600;\" href=\"https:\/\/strandfesztival.com\/wp-content\/uploads\/2024\/08\/STRAND-ZAROHIR.docx\">2024.08.26. J\u00f6v\u0151re is Zam\u00e1rdiban v\u00e1rja k\u00f6z\u00f6ns\u00e9g\u00e9t a STRAND Fesztiv\u00e1l, a Balaton legnagyobb esem\u00e9nye<\/a><\/strong><\/span><\/p>\n<p><span style=\"color: #ff6600;\"><a style=\"color: #ff6600;\" href=\"https:\/\/strandfesztival.com\/wp-content\/uploads\/2024\/07\/2024.07.22.-Teljes-a-STRAND-fesztival-programja.docx\"><strong>2024.07.22. Teljes a STRAND fesztiv\u00e1l programja<\/strong><\/a><\/span><\/p>\n<p><span style=\"color: #ff6600;\"><a style=\"color: #ff6600;\" href=\"https:\/\/strandfesztival.com\/wp-content\/uploads\/2024\/03\/STRAND-Fesztival-2024-bejelentes.docx\"><strong>2024.03.19. STRAND Fesztiv\u00e1l 2024: itt a r\u00e9szletes program!<\/strong><\/a><\/span><\/p>\n<p><span style=\"color: #ff6600;\"><a style=\"color: #ff6600;\" href=\"https:\/\/strandfesztival.com\/wp-content\/uploads\/2024\/02\/Azahriah-erkezik-a-STRANDra.docx\"><strong>2024.02.01. Azahriah \u00e9rkezik a STRANDra!<\/strong><\/a><\/span><\/p>\n<p>&nbsp;<\/p>\n","protected":false},"excerpt":{"rendered":"<p>2025.12.19. Timmy Trumpet \u00e9s Majka nyitja a STRAND Fesztiv\u00e1lt 2025.12.01. 2026-ban k\u00e9t nagysz\u00ednpaddal \u00fcnnepli a magyar zen\u00e9ket a STRAND 2025.08.15.Hatalmas sikerrel z\u00e1rt a STRAND Fesztiv\u00e1l, a Balaton legnagyobb esem\u00e9nye 2025.08.13. Pumped Gabo a nagysz\u00ednpadon, a Balaton legmagasabb tornya, cirkuszi produkci\u00f3 a k\u00f6z\u00f6ns\u00e9g felett \u00e9s kiss cam &#8211; Extra \u00fajdons\u00e1gok \u00e9rkeznek a STRAND Fesztiv\u00e1lra! 2025.07.31. \u00daj [&hellip;]<\/p>\n","protected":false},"author":1,"featured_media":0,"parent":0,"menu_order":0,"comment_status":"closed","ping_status":"closed","template":"","meta":{"_acf_changed":false,"footnotes":""},"class_list":["post-193","page","type-page","status-publish","hentry"],"acf":[],"yoast_head":"<!-- This site is optimized with the Yoast SEO plugin v25.7 - https:\/\/yoast.com\/wordpress\/plugins\/seo\/ -->\n<title>Sajt\u00f3anyagok &#8902; Strand Fesztiv\u00e1l<\/title>\n<meta name=\"robots\" content=\"index, follow, max-snippet:-1, max-image-preview:large, max-video-preview:-1\" \/>\n<link rel=\"canonical\" href=\"https:\/\/strandfesztival.com\/hu\/sajtoanyagok\/\" \/>\n<meta property=\"og:locale\" content=\"hu_HU\" \/>\n<meta property=\"og:type\" content=\"article\" \/>\n<meta property=\"og:title\" content=\"Sajt\u00f3anyagok &#8902; Strand Fesztiv\u00e1l\" \/>\n<meta property=\"og:description\" content=\"2025.12.19. Timmy Trumpet \u00e9s Majka nyitja a STRAND Fesztiv\u00e1lt 2025.12.01. 2026-ban k\u00e9t nagysz\u00ednpaddal \u00fcnnepli a magyar zen\u00e9ket a STRAND 2025.08.15.Hatalmas sikerrel z\u00e1rt a STRAND Fesztiv\u00e1l, a Balaton legnagyobb esem\u00e9nye 2025.08.13. Pumped Gabo a nagysz\u00ednpadon, a Balaton legmagasabb tornya, cirkuszi produkci\u00f3 a k\u00f6z\u00f6ns\u00e9g felett \u00e9s kiss cam &#8211; Extra \u00fajdons\u00e1gok \u00e9rkeznek a STRAND Fesztiv\u00e1lra! 2025.07.31. \u00daj [&hellip;]\" \/>\n<meta property=\"og:url\" content=\"https:\/\/strandfesztival.com\/hu\/sajtoanyagok\/\" \/>\n<meta property=\"og:site_name\" content=\"Strand Fesztiv\u00e1l\" \/>\n<meta property=\"article:publisher\" content=\"https:\/\/www.facebook.com\/StrandFesztival\" \/>\n<meta property=\"article:modified_time\" content=\"2025-12-19T12:58:37+00:00\" \/>\n<meta property=\"og:image\" content=\"https:\/\/strandfesztival.com\/wp-content\/uploads\/2026\/02\/str2026.jpg\" \/>\n\t<meta property=\"og:image:width\" content=\"768\" \/>\n\t<meta property=\"og:image:height\" content=\"326\" \/>\n\t<meta property=\"og:image:type\" content=\"image\/jpeg\" \/>\n<meta name=\"twitter:card\" content=\"summary_large_image\" \/>\n<meta name=\"twitter:label1\" content=\"Becs\u00fclt olvas\u00e1si id\u0151\" \/>\n\t<meta name=\"twitter:data1\" content=\"1 perc\" \/>\n<script type=\"application\/ld+json\" class=\"yoast-schema-graph\">{\"@context\":\"https:\/\/schema.org\",\"@graph\":[{\"@type\":\"WebPage\",\"@id\":\"https:\/\/strandfesztival.com\/hu\/sajtoanyagok\/\",\"url\":\"https:\/\/strandfesztival.com\/hu\/sajtoanyagok\/\",\"name\":\"Sajt\u00f3anyagok &#8902; Strand Fesztiv\u00e1l\",\"isPartOf\":{\"@id\":\"https:\/\/strandfesztival.com\/hu\/#website\"},\"datePublished\":\"2022-07-25T22:41:47+00:00\",\"dateModified\":\"2025-12-19T12:58:37+00:00\",\"breadcrumb\":{\"@id\":\"https:\/\/strandfesztival.com\/hu\/sajtoanyagok\/#breadcrumb\"},\"inLanguage\":\"hu\",\"potentialAction\":[{\"@type\":\"ReadAction\",\"target\":[\"https:\/\/strandfesztival.com\/hu\/sajtoanyagok\/\"]}]},{\"@type\":\"BreadcrumbList\",\"@id\":\"https:\/\/strandfesztival.com\/hu\/sajtoanyagok\/#breadcrumb\",\"itemListElement\":[{\"@type\":\"ListItem\",\"position\":1,\"name\":\"Kezd\u0151lap\",\"item\":\"https:\/\/strandfesztival.com\/hu\/\"},{\"@type\":\"ListItem\",\"position\":2,\"name\":\"Sajt\u00f3anyagok\"}]},{\"@type\":\"WebSite\",\"@id\":\"https:\/\/strandfesztival.com\/hu\/#website\",\"url\":\"https:\/\/strandfesztival.com\/hu\/\",\"name\":\"STRAND Fesztiv\u00e1l\",\"description\":\"&#x2600;&#xfe0f; Strand &#x1f3d6;&#xfe0f; Csoda &#x2728; Balaton &#x2600;&#xfe0f;\",\"publisher\":{\"@id\":\"https:\/\/strandfesztival.com\/hu\/#organization\"},\"potentialAction\":[{\"@type\":\"SearchAction\",\"target\":{\"@type\":\"EntryPoint\",\"urlTemplate\":\"https:\/\/strandfesztival.com\/hu\/?s={search_term_string}\"},\"query-input\":{\"@type\":\"PropertyValueSpecification\",\"valueRequired\":true,\"valueName\":\"search_term_string\"}}],\"inLanguage\":\"hu\"},{\"@type\":\"Organization\",\"@id\":\"https:\/\/strandfesztival.com\/hu\/#organization\",\"name\":\"STRAND Fesztiv\u00e1l\",\"url\":\"https:\/\/strandfesztival.com\/hu\/\",\"logo\":{\"@type\":\"ImageObject\",\"inLanguage\":\"hu\",\"@id\":\"https:\/\/strandfesztival.com\/hu\/#\/schema\/logo\/image\/\",\"url\":\"https:\/\/strandfesztival.com\/wp-content\/uploads\/2025\/12\/strand-logo.svg\",\"contentUrl\":\"https:\/\/strandfesztival.com\/wp-content\/uploads\/2025\/12\/strand-logo.svg\",\"width\":1,\"height\":1,\"caption\":\"STRAND Fesztiv\u00e1l\"},\"image\":{\"@id\":\"https:\/\/strandfesztival.com\/hu\/#\/schema\/logo\/image\/\"},\"sameAs\":[\"https:\/\/www.facebook.com\/StrandFesztival\",\"https:\/\/www.instagram.com\/strandfesztival\/\"]}]}<\/script>\n<!-- \/ Yoast SEO plugin. -->","yoast_head_json":{"title":"Sajt\u00f3anyagok &#8902; Strand Fesztiv\u00e1l","robots":{"index":"index","follow":"follow","max-snippet":"max-snippet:-1","max-image-preview":"max-image-preview:large","max-video-preview":"max-video-preview:-1"},"canonical":"https:\/\/strandfesztival.com\/hu\/sajtoanyagok\/","og_locale":"hu_HU","og_type":"article","og_title":"Sajt\u00f3anyagok &#8902; Strand Fesztiv\u00e1l","og_description":"2025.12.19. Timmy Trumpet \u00e9s Majka nyitja a STRAND Fesztiv\u00e1lt 2025.12.01. 2026-ban k\u00e9t nagysz\u00ednpaddal \u00fcnnepli a magyar zen\u00e9ket a STRAND 2025.08.15.Hatalmas sikerrel z\u00e1rt a STRAND Fesztiv\u00e1l, a Balaton legnagyobb esem\u00e9nye 2025.08.13. Pumped Gabo a nagysz\u00ednpadon, a Balaton legmagasabb tornya, cirkuszi produkci\u00f3 a k\u00f6z\u00f6ns\u00e9g felett \u00e9s kiss cam &#8211; Extra \u00fajdons\u00e1gok \u00e9rkeznek a STRAND Fesztiv\u00e1lra! 2025.07.31. \u00daj [&hellip;]","og_url":"https:\/\/strandfesztival.com\/hu\/sajtoanyagok\/","og_site_name":"Strand Fesztiv\u00e1l","article_publisher":"https:\/\/www.facebook.com\/StrandFesztival","article_modified_time":"2025-12-19T12:58:37+00:00","og_image":[{"width":768,"height":326,"url":"https:\/\/strandfesztival.com\/wp-content\/uploads\/2026\/02\/str2026.jpg","type":"image\/jpeg"}],"twitter_card":"summary_large_image","twitter_misc":{"Becs\u00fclt olvas\u00e1si id\u0151":"1 perc"},"schema":{"@context":"https:\/\/schema.org","@graph":[{"@type":"WebPage","@id":"https:\/\/strandfesztival.com\/hu\/sajtoanyagok\/","url":"https:\/\/strandfesztival.com\/hu\/sajtoanyagok\/","name":"Sajt\u00f3anyagok &#8902; Strand Fesztiv\u00e1l","isPartOf":{"@id":"https:\/\/strandfesztival.com\/hu\/#website"},"datePublished":"2022-07-25T22:41:47+00:00","dateModified":"2025-12-19T12:58:37+00:00","breadcrumb":{"@id":"https:\/\/strandfesztival.com\/hu\/sajtoanyagok\/#breadcrumb"},"inLanguage":"hu","potentialAction":[{"@type":"ReadAction","target":["https:\/\/strandfesztival.com\/hu\/sajtoanyagok\/"]}]},{"@type":"BreadcrumbList","@id":"https:\/\/strandfesztival.com\/hu\/sajtoanyagok\/#breadcrumb","itemListElement":[{"@type":"ListItem","position":1,"name":"Kezd\u0151lap","item":"https:\/\/strandfesztival.com\/hu\/"},{"@type":"ListItem","position":2,"name":"Sajt\u00f3anyagok"}]},{"@type":"WebSite","@id":"https:\/\/strandfesztival.com\/hu\/#website","url":"https:\/\/strandfesztival.com\/hu\/","name":"STRAND Fesztiv\u00e1l","description":"&#x2600;&#xfe0f; Strand &#x1f3d6;&#xfe0f; Csoda &#x2728; Balaton &#x2600;&#xfe0f;","publisher":{"@id":"https:\/\/strandfesztival.com\/hu\/#organization"},"potentialAction":[{"@type":"SearchAction","target":{"@type":"EntryPoint","urlTemplate":"https:\/\/strandfesztival.com\/hu\/?s={search_term_string}"},"query-input":{"@type":"PropertyValueSpecification","valueRequired":true,"valueName":"search_term_string"}}],"inLanguage":"hu"},{"@type":"Organization","@id":"https:\/\/strandfesztival.com\/hu\/#organization","name":"STRAND Fesztiv\u00e1l","url":"https:\/\/strandfesztival.com\/hu\/","logo":{"@type":"ImageObject","inLanguage":"hu","@id":"https:\/\/strandfesztival.com\/hu\/#\/schema\/logo\/image\/","url":"https:\/\/strandfesztival.com\/wp-content\/uploads\/2025\/12\/strand-logo.svg","contentUrl":"https:\/\/strandfesztival.com\/wp-content\/uploads\/2025\/12\/strand-logo.svg","width":1,"height":1,"caption":"STRAND Fesztiv\u00e1l"},"image":{"@id":"https:\/\/strandfesztival.com\/hu\/#\/schema\/logo\/image\/"},"sameAs":["https:\/\/www.facebook.com\/StrandFesztival","https:\/\/www.instagram.com\/strandfesztival\/"]}]}},"_links":{"self":[{"href":"https:\/\/strandfesztival.com\/hu\/wp-json\/wp\/v2\/pages\/193","targetHints":{"allow":["GET"]}}],"collection":[{"href":"https:\/\/strandfesztival.com\/hu\/wp-json\/wp\/v2\/pages"}],"about":[{"href":"https:\/\/strandfesztival.com\/hu\/wp-json\/wp\/v2\/types\/page"}],"author":[{"embeddable":true,"href":"https:\/\/strandfesztival.com\/hu\/wp-json\/wp\/v2\/users\/1"}],"replies":[{"embeddable":true,"href":"https:\/\/strandfesztival.com\/hu\/wp-json\/wp\/v2\/comments?post=193"}],"version-history":[{"count":3,"href":"https:\/\/strandfesztival.com\/hu\/wp-json\/wp\/v2\/pages\/193\/revisions"}],"predecessor-version":[{"id":5282,"href":"https:\/\/strandfesztival.com\/hu\/wp-json\/wp\/v2\/pages\/193\/revisions\/5282"}],"wp:attachment":[{"href":"https:\/\/strandfesztival.com\/hu\/wp-json\/wp\/v2\/media?parent=193"}],"curies":[{"name":"wp","href":"https:\/\/api.w.org\/{rel}","templated":true}]}}