{"id":1780,"date":"2022-11-17T16:34:28","date_gmt":"2022-11-17T15:34:28","guid":{"rendered":"https:\/\/strandfesztival.com\/?page_id=1780"},"modified":"2025-07-10T10:07:47","modified_gmt":"2025-07-10T08:07:47","slug":"strand-klub","status":"publish","type":"page","link":"https:\/\/strandfesztival.com\/hu\/strand-klub\/","title":{"rendered":"\u00dcdv a STRAND Klub meg\u00fajult oldal\u00e1n!"},"content":{"rendered":"<p>Ha m\u00e9g nem vagy Klubtag, csatlakozz most \u2013 \u00e9s hozd ki a legt\u00f6bbet a nyaradb\u00f3l!<\/p>\n<h5>Mi az a STRAND Klub?<\/h5>\n<p>A STRAND Klubtagok sz\u00e1m\u00e1ra a fesztiv\u00e1l m\u00e1r j\u00f3val a kapunyit\u00e1s el\u0151tt elkezd\u0151dik. Ez egy k\u00f6zvetlen \u00e9s j\u00f3fej fesztiv\u00e1lk\u00f6z\u00f6ss\u00e9g, ahol a tagoknak sz\u00e1mos lehet\u0151s\u00e9ggel \u00e9s kedvezm\u00e9nnyel kedvesked\u00fcnk a STRANDon \u00e9s az azt megel\u0151z\u0151 id\u0151szakban is.<\/p>\n<h5>Legy\u00e9l az els\u0151k k\u00f6z\u00f6tt!<\/h5>\n<p>Klubtagk\u00e9nt els\u0151k\u00e9nt \u00e9rtes\u00fclhetsz a legfontosabb bejelent\u00e9sekr\u0151l, akci\u00f3kr\u00f3l, jegyinf\u00f3kr\u00f3l \u00e9s extra lehet\u0151s\u00e9gekr\u0151l. Ami a t\u00f6bbieknek csak holnapi h\u00edr, az neked m\u00e1r ma a postal\u00e1d\u00e1dban landol!<\/p>\n<h5>Kempingezz kedvezm\u00e9nyesen!<\/h5>\n<p>A Balaton-parti napfelkelt\u00e9re \u00e9bredn\u00e9l? Klubtagk\u00e9nt kedvezm\u00e9nyes \u00e1ron v\u00e1s\u00e1rolhatsz kempingb\u00e9rletet, \u00e9s m\u00e1r k\u00e9t \u00f3r\u00e1val a hivatalos nyit\u00e1s el\u0151tt elfoglalhatod a legjobb s\u00e1torhelyeket a kempingben!<\/p>\n<h5>Helysz\u00edni kedvezm\u00e9nyek, csak Klubtagoknak!<\/h5>\n<p>A fesztiv\u00e1lra val\u00f3 bel\u00e9p\u00e9skor kaphatsz egy men\u0151 STRAND Klub karszalagot, amivel k\u00fcl\u00f6nleges kedvezm\u00e9nyekre vagy jogosult a fesztiv\u00e1l ter\u00fclet\u00e9n, t\u00f6bbek k\u00f6z\u00f6tt itt:<\/p>\n<ul>\n<li>\u00d3ri\u00e1sker\u00e9k<\/li>\n<li>Dodzsem<\/li>\n<li>STRAND Cs\u00faszda<\/li>\n<li>Bungee jumping<\/li>\n<li>Katapult<\/li>\n<li>Akci\u00f3s men\u00fck a foodtruckokban\u00ed<\/li>\n<\/ul>\n<p>\u2026\u00e9s ez m\u00e9g csak a kezdet! A kedvezm\u00e9nyek list\u00e1ja folyamatosan b\u0151v\u00fcl.<\/p>\n<p>Ha szeretn\u00e9l \u00e9lni ezekkel a szuper lehet\u0151s\u00e9gekkel, nincs m\u00e1s dolgod, mint regisztr\u00e1lni a Klubba. A Klub fi\u00f3kodhoz r\u00f6gt\u00f6n hozz\u00e1 is rendelhetj\u00fck a m\u00e1r &#8211; vagy ak\u00e1r k\u00e9s\u0151bb &#8211; , megv\u00e1s\u00e1rolt fesztiv\u00e1lbel\u00e9p\u0151det, hogy ne kelljen visszakeresned az e-mailek k\u00f6z\u00f6tt. Bel\u00e9pve a fi\u00f3kodba egy helyen megtal\u00e1lsz minden sz\u00fcks\u00e9ges inform\u00e1ci\u00f3t \u00e9s adatot. Sz\u00fclet\u00e9snapod alkalm\u00e1b\u00f3l extra kedvezm\u00e9nyekkel kedvesked\u00fcnk neked, \u00e9s ha legk\u00f6zelebb jegyet v\u00e1s\u00e1roln\u00e1l, nem kell minden adatot \u00fajra megadnod: el\u00e9g csak bel\u00e9pned a fi\u00f3kodba \u00e9s haszn\u00e1lni a klubtags\u00e1gi sz\u00e1modat!<\/p>\n<p><strong>R\u00e1ad\u00e1sul: a tags\u00e1g teljesen ingyenes, \u00e9s b\u00e1rmikor lemondhatod \u2013 de mi biztosak vagyunk benne, hogy maradni fogsz.&#x1f609;<\/strong><\/p>\n<p>&nbsp;<\/p>\n<h6 style=\"text-align: center;\"><span style=\"color: #000000;\"><span style=\"color: #ff6600;\"><a style=\"color: #ff6600;\" href=\"https:\/\/strandfesztival.com\/hu\/jegyek\/list\/\"><strong>Kattints ide \u00e9s helyezd a kosaradba a webshopban<\/strong><\/a><br \/>\n<\/span><\/span><span style=\"color: #000000;\"><span style=\"color: #ff6600;\"><a style=\"color: #ff6600;\" href=\"https:\/\/strandfesztival.com\/hu\/jegyek\/list\/\"><strong>az ingyenes STRAND Klub tags\u00e1git!<\/strong><\/a><\/span><\/span><\/h6>\n<p>&nbsp;<\/p>\n<p>Itt tal\u00e1lod a <a href=\"https:\/\/strandfesztival.com\/wp-content\/uploads\/2022\/11\/STRAND-KLUB-SZABAeLYZAT.pdf\">STRAND KLUB szab\u00e1lyzat\u00e1t<\/a> \u00e9s <a href=\"https:\/\/strandfesztival.com\/wp-content\/uploads\/2022\/11\/STRAND-KLUB_adatkezelesi_tajekoztato.pdf\">adatkezel\u00e9si t\u00e1j\u00e9koztat\u00f3j\u00e1t<\/a>.<\/p>\n<pre style=\"text-align: left;\"><\/pre>\n","protected":false},"excerpt":{"rendered":"<p>Ha m\u00e9g nem vagy Klubtag, csatlakozz most \u2013 \u00e9s hozd ki a legt\u00f6bbet a nyaradb\u00f3l! Mi az a STRAND Klub? A STRAND Klubtagok sz\u00e1m\u00e1ra a fesztiv\u00e1l m\u00e1r j\u00f3val a kapunyit\u00e1s el\u0151tt elkezd\u0151dik. Ez egy k\u00f6zvetlen \u00e9s j\u00f3fej fesztiv\u00e1lk\u00f6z\u00f6ss\u00e9g, ahol a tagoknak sz\u00e1mos lehet\u0151s\u00e9ggel \u00e9s kedvezm\u00e9nnyel kedvesked\u00fcnk a STRANDon \u00e9s az azt megel\u0151z\u0151 id\u0151szakban is. Legy\u00e9l [&hellip;]<\/p>\n","protected":false},"author":1,"featured_media":0,"parent":0,"menu_order":0,"comment_status":"closed","ping_status":"closed","template":"","meta":{"_acf_changed":false,"footnotes":""},"class_list":["post-1780","page","type-page","status-publish","hentry"],"acf":[],"yoast_head":"<!-- This site is optimized with the Yoast SEO plugin v25.7 - https:\/\/yoast.com\/wordpress\/plugins\/seo\/ -->\n<title>\u00dcdv a STRAND Klub meg\u00fajult oldal\u00e1n! &#8902; Strand Fesztiv\u00e1l<\/title>\n<meta name=\"robots\" content=\"index, follow, max-snippet:-1, max-image-preview:large, max-video-preview:-1\" \/>\n<link rel=\"canonical\" href=\"https:\/\/strandfesztival.com\/hu\/strand-klub\/\" \/>\n<meta property=\"og:locale\" content=\"hu_HU\" \/>\n<meta property=\"og:type\" content=\"article\" \/>\n<meta property=\"og:title\" content=\"\u00dcdv a STRAND Klub meg\u00fajult oldal\u00e1n! &#8902; Strand Fesztiv\u00e1l\" \/>\n<meta property=\"og:description\" content=\"Ha m\u00e9g nem vagy Klubtag, csatlakozz most \u2013 \u00e9s hozd ki a legt\u00f6bbet a nyaradb\u00f3l! Mi az a STRAND Klub? A STRAND Klubtagok sz\u00e1m\u00e1ra a fesztiv\u00e1l m\u00e1r j\u00f3val a kapunyit\u00e1s el\u0151tt elkezd\u0151dik. Ez egy k\u00f6zvetlen \u00e9s j\u00f3fej fesztiv\u00e1lk\u00f6z\u00f6ss\u00e9g, ahol a tagoknak sz\u00e1mos lehet\u0151s\u00e9ggel \u00e9s kedvezm\u00e9nnyel kedvesked\u00fcnk a STRANDon \u00e9s az azt megel\u0151z\u0151 id\u0151szakban is. Legy\u00e9l [&hellip;]\" \/>\n<meta property=\"og:url\" content=\"https:\/\/strandfesztival.com\/hu\/strand-klub\/\" \/>\n<meta property=\"og:site_name\" content=\"Strand Fesztiv\u00e1l\" \/>\n<meta property=\"article:publisher\" content=\"https:\/\/www.facebook.com\/StrandFesztival\" \/>\n<meta property=\"article:modified_time\" content=\"2025-07-10T08:07:47+00:00\" \/>\n<meta property=\"og:image\" content=\"https:\/\/strandfesztival.com\/wp-content\/uploads\/2026\/02\/str2026.jpg\" \/>\n\t<meta property=\"og:image:width\" content=\"768\" \/>\n\t<meta property=\"og:image:height\" content=\"326\" \/>\n\t<meta property=\"og:image:type\" content=\"image\/jpeg\" \/>\n<meta name=\"twitter:card\" content=\"summary_large_image\" \/>\n<meta name=\"twitter:label1\" content=\"Becs\u00fclt olvas\u00e1si id\u0151\" \/>\n\t<meta name=\"twitter:data1\" content=\"2 perc\" \/>\n<script type=\"application\/ld+json\" class=\"yoast-schema-graph\">{\"@context\":\"https:\/\/schema.org\",\"@graph\":[{\"@type\":\"WebPage\",\"@id\":\"https:\/\/strandfesztival.com\/hu\/strand-klub\/\",\"url\":\"https:\/\/strandfesztival.com\/hu\/strand-klub\/\",\"name\":\"\u00dcdv a STRAND Klub meg\u00fajult oldal\u00e1n! &#8902; Strand Fesztiv\u00e1l\",\"isPartOf\":{\"@id\":\"https:\/\/strandfesztival.com\/hu\/#website\"},\"datePublished\":\"2022-11-17T15:34:28+00:00\",\"dateModified\":\"2025-07-10T08:07:47+00:00\",\"breadcrumb\":{\"@id\":\"https:\/\/strandfesztival.com\/hu\/strand-klub\/#breadcrumb\"},\"inLanguage\":\"hu\",\"potentialAction\":[{\"@type\":\"ReadAction\",\"target\":[\"https:\/\/strandfesztival.com\/hu\/strand-klub\/\"]}]},{\"@type\":\"BreadcrumbList\",\"@id\":\"https:\/\/strandfesztival.com\/hu\/strand-klub\/#breadcrumb\",\"itemListElement\":[{\"@type\":\"ListItem\",\"position\":1,\"name\":\"Kezd\u0151lap\",\"item\":\"https:\/\/strandfesztival.com\/hu\/\"},{\"@type\":\"ListItem\",\"position\":2,\"name\":\"\u00dcdv a STRAND Klub meg\u00fajult oldal\u00e1n!\"}]},{\"@type\":\"WebSite\",\"@id\":\"https:\/\/strandfesztival.com\/hu\/#website\",\"url\":\"https:\/\/strandfesztival.com\/hu\/\",\"name\":\"STRAND Fesztiv\u00e1l\",\"description\":\"&#x2600;&#xfe0f; Strand &#x1f3d6;&#xfe0f; Csoda &#x2728; Balaton &#x2600;&#xfe0f;\",\"publisher\":{\"@id\":\"https:\/\/strandfesztival.com\/hu\/#organization\"},\"potentialAction\":[{\"@type\":\"SearchAction\",\"target\":{\"@type\":\"EntryPoint\",\"urlTemplate\":\"https:\/\/strandfesztival.com\/hu\/?s={search_term_string}\"},\"query-input\":{\"@type\":\"PropertyValueSpecification\",\"valueRequired\":true,\"valueName\":\"search_term_string\"}}],\"inLanguage\":\"hu\"},{\"@type\":\"Organization\",\"@id\":\"https:\/\/strandfesztival.com\/hu\/#organization\",\"name\":\"STRAND Fesztiv\u00e1l\",\"url\":\"https:\/\/strandfesztival.com\/hu\/\",\"logo\":{\"@type\":\"ImageObject\",\"inLanguage\":\"hu\",\"@id\":\"https:\/\/strandfesztival.com\/hu\/#\/schema\/logo\/image\/\",\"url\":\"https:\/\/strandfesztival.com\/wp-content\/uploads\/2025\/12\/strand-logo.svg\",\"contentUrl\":\"https:\/\/strandfesztival.com\/wp-content\/uploads\/2025\/12\/strand-logo.svg\",\"width\":1,\"height\":1,\"caption\":\"STRAND Fesztiv\u00e1l\"},\"image\":{\"@id\":\"https:\/\/strandfesztival.com\/hu\/#\/schema\/logo\/image\/\"},\"sameAs\":[\"https:\/\/www.facebook.com\/StrandFesztival\",\"https:\/\/www.instagram.com\/strandfesztival\/\"]}]}<\/script>\n<meta property=\"og:image\" content=\"https:\/\/strandfesztival.com\/wp-content\/uploads\/2024\/12\/strkl3-1_MBH-copyw-1024x471.jpg\" \/>\n<!-- \/ Yoast SEO plugin. -->","yoast_head_json":{"title":"\u00dcdv a STRAND Klub meg\u00fajult oldal\u00e1n! &#8902; Strand Fesztiv\u00e1l","robots":{"index":"index","follow":"follow","max-snippet":"max-snippet:-1","max-image-preview":"max-image-preview:large","max-video-preview":"max-video-preview:-1"},"canonical":"https:\/\/strandfesztival.com\/hu\/strand-klub\/","og_locale":"hu_HU","og_type":"article","og_title":"\u00dcdv a STRAND Klub meg\u00fajult oldal\u00e1n! &#8902; Strand Fesztiv\u00e1l","og_description":"Ha m\u00e9g nem vagy Klubtag, csatlakozz most \u2013 \u00e9s hozd ki a legt\u00f6bbet a nyaradb\u00f3l! Mi az a STRAND Klub? A STRAND Klubtagok sz\u00e1m\u00e1ra a fesztiv\u00e1l m\u00e1r j\u00f3val a kapunyit\u00e1s el\u0151tt elkezd\u0151dik. Ez egy k\u00f6zvetlen \u00e9s j\u00f3fej fesztiv\u00e1lk\u00f6z\u00f6ss\u00e9g, ahol a tagoknak sz\u00e1mos lehet\u0151s\u00e9ggel \u00e9s kedvezm\u00e9nnyel kedvesked\u00fcnk a STRANDon \u00e9s az azt megel\u0151z\u0151 id\u0151szakban is. Legy\u00e9l [&hellip;]","og_url":"https:\/\/strandfesztival.com\/hu\/strand-klub\/","og_site_name":"Strand Fesztiv\u00e1l","article_publisher":"https:\/\/www.facebook.com\/StrandFesztival","article_modified_time":"2025-07-10T08:07:47+00:00","og_image":[{"width":768,"height":326,"url":"https:\/\/strandfesztival.com\/wp-content\/uploads\/2026\/02\/str2026.jpg","type":"image\/jpeg"}],"twitter_card":"summary_large_image","twitter_misc":{"Becs\u00fclt olvas\u00e1si id\u0151":"2 perc"},"schema":{"@context":"https:\/\/schema.org","@graph":[{"@type":"WebPage","@id":"https:\/\/strandfesztival.com\/hu\/strand-klub\/","url":"https:\/\/strandfesztival.com\/hu\/strand-klub\/","name":"\u00dcdv a STRAND Klub meg\u00fajult oldal\u00e1n! &#8902; Strand Fesztiv\u00e1l","isPartOf":{"@id":"https:\/\/strandfesztival.com\/hu\/#website"},"datePublished":"2022-11-17T15:34:28+00:00","dateModified":"2025-07-10T08:07:47+00:00","breadcrumb":{"@id":"https:\/\/strandfesztival.com\/hu\/strand-klub\/#breadcrumb"},"inLanguage":"hu","potentialAction":[{"@type":"ReadAction","target":["https:\/\/strandfesztival.com\/hu\/strand-klub\/"]}]},{"@type":"BreadcrumbList","@id":"https:\/\/strandfesztival.com\/hu\/strand-klub\/#breadcrumb","itemListElement":[{"@type":"ListItem","position":1,"name":"Kezd\u0151lap","item":"https:\/\/strandfesztival.com\/hu\/"},{"@type":"ListItem","position":2,"name":"\u00dcdv a STRAND Klub meg\u00fajult oldal\u00e1n!"}]},{"@type":"WebSite","@id":"https:\/\/strandfesztival.com\/hu\/#website","url":"https:\/\/strandfesztival.com\/hu\/","name":"STRAND Fesztiv\u00e1l","description":"&#x2600;&#xfe0f; Strand &#x1f3d6;&#xfe0f; Csoda &#x2728; Balaton &#x2600;&#xfe0f;","publisher":{"@id":"https:\/\/strandfesztival.com\/hu\/#organization"},"potentialAction":[{"@type":"SearchAction","target":{"@type":"EntryPoint","urlTemplate":"https:\/\/strandfesztival.com\/hu\/?s={search_term_string}"},"query-input":{"@type":"PropertyValueSpecification","valueRequired":true,"valueName":"search_term_string"}}],"inLanguage":"hu"},{"@type":"Organization","@id":"https:\/\/strandfesztival.com\/hu\/#organization","name":"STRAND Fesztiv\u00e1l","url":"https:\/\/strandfesztival.com\/hu\/","logo":{"@type":"ImageObject","inLanguage":"hu","@id":"https:\/\/strandfesztival.com\/hu\/#\/schema\/logo\/image\/","url":"https:\/\/strandfesztival.com\/wp-content\/uploads\/2025\/12\/strand-logo.svg","contentUrl":"https:\/\/strandfesztival.com\/wp-content\/uploads\/2025\/12\/strand-logo.svg","width":1,"height":1,"caption":"STRAND Fesztiv\u00e1l"},"image":{"@id":"https:\/\/strandfesztival.com\/hu\/#\/schema\/logo\/image\/"},"sameAs":["https:\/\/www.facebook.com\/StrandFesztival","https:\/\/www.instagram.com\/strandfesztival\/"]}]}},"_links":{"self":[{"href":"https:\/\/strandfesztival.com\/hu\/wp-json\/wp\/v2\/pages\/1780","targetHints":{"allow":["GET"]}}],"collection":[{"href":"https:\/\/strandfesztival.com\/hu\/wp-json\/wp\/v2\/pages"}],"about":[{"href":"https:\/\/strandfesztival.com\/hu\/wp-json\/wp\/v2\/types\/page"}],"author":[{"embeddable":true,"href":"https:\/\/strandfesztival.com\/hu\/wp-json\/wp\/v2\/users\/1"}],"replies":[{"embeddable":true,"href":"https:\/\/strandfesztival.com\/hu\/wp-json\/wp\/v2\/comments?post=1780"}],"version-history":[{"count":0,"href":"https:\/\/strandfesztival.com\/hu\/wp-json\/wp\/v2\/pages\/1780\/revisions"}],"wp:attachment":[{"href":"https:\/\/strandfesztival.com\/hu\/wp-json\/wp\/v2\/media?parent=1780"}],"curies":[{"name":"wp","href":"https:\/\/api.w.org\/{rel}","templated":true}]}}