{"id":16,"date":"2022-11-17T17:00:59","date_gmt":"2022-11-17T16:00:59","guid":{"rendered":"https:\/\/strandfesztival.com\/?page_id=16"},"modified":"2026-03-31T11:00:19","modified_gmt":"2026-03-31T09:00:19","slug":"fooldal","status":"publish","type":"page","link":"https:\/\/strandfesztival.com\/hu\/","title":{"rendered":"F\u0151oldal"},"content":{"rendered":"","protected":false},"excerpt":{"rendered":"","protected":false},"author":1,"featured_media":0,"parent":0,"menu_order":0,"comment_status":"closed","ping_status":"closed","template":"","meta":{"_acf_changed":false,"footnotes":""},"class_list":["post-16","page","type-page","status-publish","hentry"],"acf":[],"yoast_head":"<!-- This site is optimized with the Yoast SEO plugin v25.7 - https:\/\/yoast.com\/wordpress\/plugins\/seo\/ -->\n<title>F\u0151oldal &#8902; Strand Fesztiv\u00e1l<\/title>\n<meta name=\"description\" content=\"STRAND Fesztiv\u00e1l k\u00fclf\u00f6ldi szt\u00e1rokkal \u00e9s a kedvenc hazai el\u0151ad\u00f3kkal augusztus 19-22. k\u00f6z\u00f6tt, Zam\u00e1rdiban!\" \/>\n<meta name=\"robots\" content=\"index, follow, max-snippet:-1, max-image-preview:large, max-video-preview:-1\" \/>\n<link rel=\"canonical\" href=\"https:\/\/strandfesztival.com\/hu\/\" \/>\n<meta property=\"og:locale\" content=\"hu_HU\" \/>\n<meta property=\"og:type\" content=\"article\" \/>\n<meta property=\"og:title\" content=\"STRAND fesztiv\u00e1l - 2026. AUG.20-21-22. Zam\u00e1rdi\" \/>\n<meta property=\"og:description\" content=\"2026-ban is tal\u00e1lkozunk Zam\u00e1rdiban!\" \/>\n<meta property=\"og:url\" content=\"https:\/\/strandfesztival.com\/hu\/\" \/>\n<meta property=\"og:site_name\" content=\"Strand Fesztiv\u00e1l\" \/>\n<meta property=\"article:publisher\" content=\"https:\/\/www.facebook.com\/StrandFesztival\" \/>\n<meta property=\"article:modified_time\" content=\"2026-03-31T09:00:19+00:00\" \/>\n<meta property=\"og:image\" content=\"https:\/\/strandfesztival.com\/wp-content\/uploads\/2025\/10\/earlybird_bejelento_webhero-mobil_str2026-copy.jpg\" \/>\n\t<meta property=\"og:image:width\" content=\"2160\" \/>\n\t<meta property=\"og:image:height\" content=\"2840\" \/>\n\t<meta property=\"og:image:type\" content=\"image\/jpeg\" \/>\n<meta name=\"twitter:card\" content=\"summary_large_image\" \/>\n<meta name=\"twitter:title\" content=\"STRAND fesztiv\u00e1l - 2026. AUG.20-21-22. Zam\u00e1rdi\" \/>\n<meta name=\"twitter:description\" content=\"2026-ban is tal\u00e1lkozunk Zam\u00e1rdiban!\" \/>\n<meta name=\"twitter:image\" content=\"https:\/\/strandfesztival.com\/wp-content\/uploads\/2025\/10\/earlybird_bejelento_webhero-mobil_str2026-copy.jpg\" \/>\n<script type=\"application\/ld+json\" class=\"yoast-schema-graph\">{\"@context\":\"https:\/\/schema.org\",\"@graph\":[{\"@type\":\"WebPage\",\"@id\":\"https:\/\/strandfesztival.com\/hu\/\",\"url\":\"https:\/\/strandfesztival.com\/hu\/\",\"name\":\"F\u0151oldal &#8902; Strand Fesztiv\u00e1l\",\"isPartOf\":{\"@id\":\"https:\/\/strandfesztival.com\/hu\/#website\"},\"datePublished\":\"2022-11-17T16:00:59+00:00\",\"dateModified\":\"2026-03-31T09:00:19+00:00\",\"description\":\"STRAND Fesztiv\u00e1l k\u00fclf\u00f6ldi szt\u00e1rokkal \u00e9s a kedvenc hazai el\u0151ad\u00f3kkal augusztus 19-22. k\u00f6z\u00f6tt, Zam\u00e1rdiban!\",\"breadcrumb\":{\"@id\":\"https:\/\/strandfesztival.com\/hu\/#breadcrumb\"},\"inLanguage\":\"hu\",\"potentialAction\":[{\"@type\":\"ReadAction\",\"target\":[\"https:\/\/strandfesztival.com\/hu\/\"]}]},{\"@type\":\"BreadcrumbList\",\"@id\":\"https:\/\/strandfesztival.com\/hu\/#breadcrumb\",\"itemListElement\":[{\"@type\":\"ListItem\",\"position\":1,\"name\":\"Kezd\u0151lap\",\"item\":\"https:\/\/strandfesztival.com\/hu\/\"},{\"@type\":\"ListItem\",\"position\":2,\"name\":\"F\u0151oldal\"}]},{\"@type\":\"WebSite\",\"@id\":\"https:\/\/strandfesztival.com\/hu\/#website\",\"url\":\"https:\/\/strandfesztival.com\/hu\/\",\"name\":\"STRAND Fesztiv\u00e1l\",\"description\":\"&#x2600;&#xfe0f; Strand &#x1f3d6;&#xfe0f; Csoda &#x2728; Balaton &#x2600;&#xfe0f;\",\"publisher\":{\"@id\":\"https:\/\/strandfesztival.com\/hu\/#organization\"},\"potentialAction\":[{\"@type\":\"SearchAction\",\"target\":{\"@type\":\"EntryPoint\",\"urlTemplate\":\"https:\/\/strandfesztival.com\/hu\/?s={search_term_string}\"},\"query-input\":{\"@type\":\"PropertyValueSpecification\",\"valueRequired\":true,\"valueName\":\"search_term_string\"}}],\"inLanguage\":\"hu\"},{\"@type\":\"Organization\",\"@id\":\"https:\/\/strandfesztival.com\/hu\/#organization\",\"name\":\"STRAND Fesztiv\u00e1l\",\"url\":\"https:\/\/strandfesztival.com\/hu\/\",\"logo\":{\"@type\":\"ImageObject\",\"inLanguage\":\"hu\",\"@id\":\"https:\/\/strandfesztival.com\/hu\/#\/schema\/logo\/image\/\",\"url\":\"https:\/\/strandfesztival.com\/wp-content\/uploads\/2025\/12\/strand-logo.svg\",\"contentUrl\":\"https:\/\/strandfesztival.com\/wp-content\/uploads\/2025\/12\/strand-logo.svg\",\"width\":1,\"height\":1,\"caption\":\"STRAND Fesztiv\u00e1l\"},\"image\":{\"@id\":\"https:\/\/strandfesztival.com\/hu\/#\/schema\/logo\/image\/\"},\"sameAs\":[\"https:\/\/www.facebook.com\/StrandFesztival\",\"https:\/\/www.instagram.com\/strandfesztival\/\"]}]}<\/script>\n<meta property=\"og:image\" content=\"\" \/>\n<!-- \/ Yoast SEO plugin. -->","yoast_head_json":{"title":"F\u0151oldal &#8902; Strand Fesztiv\u00e1l","description":"STRAND Fesztiv\u00e1l k\u00fclf\u00f6ldi szt\u00e1rokkal \u00e9s a kedvenc hazai el\u0151ad\u00f3kkal augusztus 19-22. k\u00f6z\u00f6tt, Zam\u00e1rdiban!","robots":{"index":"index","follow":"follow","max-snippet":"max-snippet:-1","max-image-preview":"max-image-preview:large","max-video-preview":"max-video-preview:-1"},"canonical":"https:\/\/strandfesztival.com\/hu\/","og_locale":"hu_HU","og_type":"article","og_title":"STRAND fesztiv\u00e1l - 2026. AUG.20-21-22. Zam\u00e1rdi","og_description":"2026-ban is tal\u00e1lkozunk Zam\u00e1rdiban!","og_url":"https:\/\/strandfesztival.com\/hu\/","og_site_name":"Strand Fesztiv\u00e1l","article_publisher":"https:\/\/www.facebook.com\/StrandFesztival","article_modified_time":"2026-03-31T09:00:19+00:00","og_image":[{"width":2160,"height":2840,"url":"https:\/\/strandfesztival.com\/wp-content\/uploads\/2025\/10\/earlybird_bejelento_webhero-mobil_str2026-copy.jpg","type":"image\/jpeg"}],"twitter_card":"summary_large_image","twitter_title":"STRAND fesztiv\u00e1l - 2026. AUG.20-21-22. Zam\u00e1rdi","twitter_description":"2026-ban is tal\u00e1lkozunk Zam\u00e1rdiban!","twitter_image":"https:\/\/strandfesztival.com\/wp-content\/uploads\/2025\/10\/earlybird_bejelento_webhero-mobil_str2026-copy.jpg","schema":{"@context":"https:\/\/schema.org","@graph":[{"@type":"WebPage","@id":"https:\/\/strandfesztival.com\/hu\/","url":"https:\/\/strandfesztival.com\/hu\/","name":"F\u0151oldal &#8902; Strand Fesztiv\u00e1l","isPartOf":{"@id":"https:\/\/strandfesztival.com\/hu\/#website"},"datePublished":"2022-11-17T16:00:59+00:00","dateModified":"2026-03-31T09:00:19+00:00","description":"STRAND Fesztiv\u00e1l k\u00fclf\u00f6ldi szt\u00e1rokkal \u00e9s a kedvenc hazai el\u0151ad\u00f3kkal augusztus 19-22. k\u00f6z\u00f6tt, Zam\u00e1rdiban!","breadcrumb":{"@id":"https:\/\/strandfesztival.com\/hu\/#breadcrumb"},"inLanguage":"hu","potentialAction":[{"@type":"ReadAction","target":["https:\/\/strandfesztival.com\/hu\/"]}]},{"@type":"BreadcrumbList","@id":"https:\/\/strandfesztival.com\/hu\/#breadcrumb","itemListElement":[{"@type":"ListItem","position":1,"name":"Kezd\u0151lap","item":"https:\/\/strandfesztival.com\/hu\/"},{"@type":"ListItem","position":2,"name":"F\u0151oldal"}]},{"@type":"WebSite","@id":"https:\/\/strandfesztival.com\/hu\/#website","url":"https:\/\/strandfesztival.com\/hu\/","name":"STRAND Fesztiv\u00e1l","description":"&#x2600;&#xfe0f; Strand &#x1f3d6;&#xfe0f; Csoda &#x2728; Balaton &#x2600;&#xfe0f;","publisher":{"@id":"https:\/\/strandfesztival.com\/hu\/#organization"},"potentialAction":[{"@type":"SearchAction","target":{"@type":"EntryPoint","urlTemplate":"https:\/\/strandfesztival.com\/hu\/?s={search_term_string}"},"query-input":{"@type":"PropertyValueSpecification","valueRequired":true,"valueName":"search_term_string"}}],"inLanguage":"hu"},{"@type":"Organization","@id":"https:\/\/strandfesztival.com\/hu\/#organization","name":"STRAND Fesztiv\u00e1l","url":"https:\/\/strandfesztival.com\/hu\/","logo":{"@type":"ImageObject","inLanguage":"hu","@id":"https:\/\/strandfesztival.com\/hu\/#\/schema\/logo\/image\/","url":"https:\/\/strandfesztival.com\/wp-content\/uploads\/2025\/12\/strand-logo.svg","contentUrl":"https:\/\/strandfesztival.com\/wp-content\/uploads\/2025\/12\/strand-logo.svg","width":1,"height":1,"caption":"STRAND Fesztiv\u00e1l"},"image":{"@id":"https:\/\/strandfesztival.com\/hu\/#\/schema\/logo\/image\/"},"sameAs":["https:\/\/www.facebook.com\/StrandFesztival","https:\/\/www.instagram.com\/strandfesztival\/"]}]}},"_links":{"self":[{"href":"https:\/\/strandfesztival.com\/hu\/wp-json\/wp\/v2\/pages\/16","targetHints":{"allow":["GET"]}}],"collection":[{"href":"https:\/\/strandfesztival.com\/hu\/wp-json\/wp\/v2\/pages"}],"about":[{"href":"https:\/\/strandfesztival.com\/hu\/wp-json\/wp\/v2\/types\/page"}],"author":[{"embeddable":true,"href":"https:\/\/strandfesztival.com\/hu\/wp-json\/wp\/v2\/users\/1"}],"replies":[{"embeddable":true,"href":"https:\/\/strandfesztival.com\/hu\/wp-json\/wp\/v2\/comments?post=16"}],"version-history":[{"count":39,"href":"https:\/\/strandfesztival.com\/hu\/wp-json\/wp\/v2\/pages\/16\/revisions"}],"predecessor-version":[{"id":5365,"href":"https:\/\/strandfesztival.com\/hu\/wp-json\/wp\/v2\/pages\/16\/revisions\/5365"}],"wp:attachment":[{"href":"https:\/\/strandfesztival.com\/hu\/wp-json\/wp\/v2\/media?parent=16"}],"curies":[{"name":"wp","href":"https:\/\/api.w.org\/{rel}","templated":true}]}}