{"id":14,"date":"2022-06-23T16:26:37","date_gmt":"2022-06-23T14:26:37","guid":{"rendered":"https:\/\/strandfesztival.com\/?page_id=14"},"modified":"2026-04-10T11:05:38","modified_gmt":"2026-04-10T09:05:38","slug":"hazirend","status":"publish","type":"page","link":"https:\/\/strandfesztival.com\/hu\/hazirend\/","title":{"rendered":"\u00c1SZF, H\u00e1zirend, Szab\u00e1lyzatok"},"content":{"rendered":"<p style=\"text-align: center;\"><strong><span style=\"color: #ff6600;\"><a style=\"color: #ff6600;\" href=\"https:\/\/strandfesztival.com\/wp-content\/uploads\/2025\/10\/A\u0301SZF-2026_fin.pdf\" target=\"_blank\" rel=\"noopener\"><span style=\"color: #ff6600;\">\u00c1ltal\u00e1nos Szerz\u0151d\u00e9si Felt\u00e9telek<\/span><\/a><\/span><\/strong><\/p>\n<p style=\"text-align: center;\"><span style=\"color: #ff6600;\"><strong><a style=\"color: #ff6600;\" href=\"https:\/\/strandfesztival.com\/wp-content\/uploads\/2025\/08\/ADATKEZELE\u0301SI-TA\u0301JE\u0301KOZTATO\u0301-a-STRAND-Fesztiva\u0301lon-valo\u0301-re\u0301szve\u0301tel-kapcsa\u0301n_20250815-1.pdf\">ADATKEZEL\u00c9SI T\u00c1J\u00c9KOZTAT\u00d3 a STRAND Fesztiv\u00e1lon val\u00f3 r\u00e9szv\u00e9tel kapcs\u00e1n\u00a0<\/a><\/strong><\/span><\/p>\n<p style=\"text-align: center;\"><span style=\"color: #ff6600;\"><a style=\"color: #ff6600;\" href=\"https:\/\/strandfesztival.com\/wp-content\/uploads\/2025\/10\/Adatkezele\u0301si-Ta\u0301je\u0301koztato\u0301-a-Weekend-Event-Kft-a\u0301ltal-szervezett-fesztiva\u0301lokkal-kapcsolatos-va\u0301sa\u0301rla\u0301sokkal-o\u0308sszefu\u0308gge\u0301sben_2025_10_09_fin.pdf\"><strong>ADATKEZEL\u00c9SI T\u00c1J\u00c9KOZTAT\u00d3 a Weekend Event Kft. \u00e1ltal megrendezett fesztiv\u00e1llal kapcsolatos v\u00e1s\u00e1rl\u00e1sokkal \u00f6sszef\u00fcgg\u00e9sben\u00a0<\/strong><\/a><\/span><\/p>\n<p style=\"text-align: center;\"><strong><span style=\"color: #ff6600;\"><a style=\"color: #ff6600;\" href=\"https:\/\/strandfesztival.com\/wp-content\/uploads\/2025\/08\/STRAND-Ha\u0301zirend-2025_fin.pdf\" target=\"\" rel=\"noopener\">STRAND Ha\u0301zirend 2025<\/a><\/span><\/strong><\/p>\n<p style=\"text-align: center;\"><strong><span style=\"color: #ff6600;\"><a style=\"color: #ff6600;\" href=\"https:\/\/strandfesztival.com\/wp-content\/uploads\/2024\/08\/kempinghazirend.pdf\">STRAND Kemping h\u00e1zirend 2025<\/a><\/span><\/strong><\/p>\n<p style=\"text-align: center;\"><strong><span style=\"color: #ff6600;\"><a style=\"color: #ff6600;\" href=\"https:\/\/strandfesztival.com\/wp-content\/uploads\/2025\/08\/Strand-Fesztiva\u0301l-2025-La\u0301togato\u0301i-kivonat-1.pdf\">Integr\u00e1lt t\u0171zv\u00e9delmi dokument\u00e1ci\u00f3 &#8211; l\u00e1togat\u00f3i kivonat<\/a><\/span><\/strong><\/p>\n<p style=\"text-align: center;\"><strong><span style=\"color: #ff6600;\"><a style=\"color: #ff6600;\" href=\"https:\/\/strandfesztival.com\/wp-content\/uploads\/2024\/08\/STRANDlakossagi.pdf\">Lakoss\u00e1gi t\u00e1j\u00e9koztat\u00f3<\/a><\/span><\/strong><\/p>\n<p style=\"text-align: center;\"><strong><span style=\"color: #ff6600;\"><a style=\"color: #ff6600;\" href=\"https:\/\/strandfesztival.com\/wp-content\/uploads\/2025\/08\/Festipay_STRAND_2025_fin.pdf\" target=\"_blank\" rel=\"noopener\">Festipay Haszna\u0301lati U\u0301tmutato\u0301<\/a><\/span><\/strong><\/p>\n<p style=\"text-align: center;\"><strong><span style=\"color: #ff6600;\"><a style=\"color: #ff6600;\" href=\"https:\/\/strandfesztival.com\/wp-content\/uploads\/2024\/04\/VP_00_ALTALANOS_ADATVEDELMI_SZABALYZAT_2024_fin-1.pdf\" target=\"_blank\" rel=\"noopener\">\u00c1ltal\u00e1nos adatv\u00e9delmi szab\u00e1lyzat<\/a><\/span><\/strong><\/p>\n<p style=\"text-align: center;\"><strong><span style=\"color: #ff6600;\"><a style=\"color: #ff6600;\" href=\"https:\/\/strandfesztival.com\/wp-content\/uploads\/2025\/03\/02_adatkezelesi_tajekoztato_a_hirlevelekhez_2025_03_fin.pdf\" target=\"_blank\" rel=\"noopener\">Adatkezel\u00e9si t\u00e1j\u00e9koztat\u00f3 h\u00edrlevelekhez<\/a><\/span><\/strong><\/p>\n<p style=\"text-align: center;\"><span style=\"color: #ff6600;\"><strong><a style=\"color: #ff6600;\" href=\"https:\/\/strandfesztival.com\/wp-content\/uploads\/2025\/08\/kamera_terkep_str2025.jpg\">Kamerat\u00e9rk\u00e9p<\/a><\/strong><\/span><\/p>\n<p style=\"text-align: center;\"><span style=\"color: #ff6600;\"><strong><a style=\"color: #ff6600;\" href=\"https:\/\/strandfesztival.com\/wp-content\/uploads\/2025\/08\/menekulo_terkep_340x180_str2025.pdf\">Menek\u00fcl\u00e9si terv<\/a><\/strong><\/span><\/p>\n<p style=\"text-align: center;\"><strong><span style=\"color: #ff6600;\"><a style=\"color: #ff6600;\" href=\"https:\/\/strandfesztival.com\/wp-content\/uploads\/2024\/04\/Strand_app_privacy_policy_hu_2024_01.pdf\" target=\"_blank\" rel=\"noopener\">Adatkezel\u00e9si t\u00e1j\u00e9koztat\u00f3 mobil apphoz<\/a><\/span><\/strong><\/p>\n<p style=\"text-align: center;\"><strong><span style=\"color: #ff6600;\"><a style=\"color: #ff6600;\" href=\"https:\/\/strandfesztival.com\/wp-content\/uploads\/2024\/04\/WE_04_COOKIE_TAJEKOZTATO_2024_01-1.pdf\" target=\"_blank\" rel=\"noopener\">Cookie (s\u00fcti) t\u00e1j\u00e9koztat\u00f3<\/a><\/span><\/strong><\/p>\n<p style=\"text-align: center;\"><strong><span style=\"color: #ff6600;\"><a style=\"color: #ff6600;\" href=\"https:\/\/strandfesztival.com\/wp-content\/uploads\/2024\/04\/ADATKEZELESI-TAJEKOZTATO-A-SZERZODESEKBEN-MEGADOTT-SZEMELYES-ADATOK-KEZELESEROL_2024_01-1.pdf\" target=\"_blank\" rel=\"noopener\">Adatkezele\u0301si ta\u0301je\u0301koztato\u0301 a szerzo\u030bde\u0301sekben megadott szeme\u0301lyes adatok kezele\u0301se\u0301ro\u030bl <\/a><\/span><\/strong><\/p>\n<p style=\"text-align: center;\"><strong><span style=\"color: #ff6600;\"><a style=\"color: #ff6600;\" href=\"https:\/\/strandfesztival.com\/wp-content\/uploads\/2024\/04\/ADATKEZELESI-TAJEKOZTATO-A-WEEKEND-EVENT-KFT-VEL-SZEMBENI-KOVETELESEK-SORAN-KEZELT-SZEMELYES-ADATOK-KEZELESEROL_2024_01-1.pdf\" target=\"_blank\" rel=\"noopener\">Adatkezele\u0301si ta\u0301je\u0301koztato\u0301 a Weekend Event Kftvel szembeni ko\u0308vetele\u0301sek sora\u0301n kezelt szeme\u0301lyes adatok kezele\u0301se\u0301ro\u030bl<\/a><\/span><\/strong><\/p>\n<p style=\"text-align: center;\"><strong><span style=\"color: #ff6600;\"><a style=\"color: #ff6600;\" href=\"https:\/\/strandfesztival.com\/wp-content\/uploads\/2025\/08\/Fio\u0301k-Felhaszna\u0301la\u0301si-Felte\u0301telek_WE_20250506_fin.pdf\" target=\"_blank\" rel=\"noopener\">Felhaszn\u00e1l\u00f3i fi\u00f3k &#8211; felhaszn\u00e1l\u00e1si felt\u00e9telek<\/a><\/span><\/strong><\/p>\n<p style=\"text-align: center;\"><strong><span style=\"color: #ff6600;\"><a style=\"color: #ff6600;\" href=\"https:\/\/strandfesztival.com\/wp-content\/uploads\/2025\/08\/STRAND-KLUB-SZABA\u0301LYZAT_20250506_fin.pdf\" target=\"\" rel=\"noopener\">STRAND KLUB SZAB\u00c1LYZAT<\/a><\/span><\/strong><\/p>\n<p style=\"text-align: center;\"><strong><span style=\"color: #ff6600;\"><a style=\"color: #ff6600;\" href=\"https:\/\/strandfesztival.com\/wp-content\/uploads\/2025\/08\/STRAND-KLUB_adatkezelesi_tajekoztato_20250506_fin.pdf\" target=\"\" rel=\"noopener\">STRAND KLUB Adatkezel\u00e9si T\u00e1j\u00e9koztat\u00f3<\/a><\/span><\/strong><\/p>\n<p style=\"text-align: center;\"><strong><span style=\"color: #ff6600;\"><a style=\"color: #ff6600;\" href=\"https:\/\/strandfesztival.com\/wp-content\/uploads\/2024\/08\/ADATKEZELESI-TAJEKOZTATO-A-STRAND-AKADEMIA-PROGRAMOKRA-TORTENO-JELENTKEZESSEL-KAPCSOLATBAN-KEZELT-SZEMELYES-ADATOK-KEZELESEROL_2024.pdf\">Adatkezel\u00e9si t\u00e1j\u00e9koztat\u00f3 a STRAND Akad\u00e9mia programokra t\u00f6rt\u00e9n\u0151 jelentkez\u00e9sekkel kapcsolatban<\/a><\/span><\/strong><\/p>\n<p>&nbsp;<\/p>\n<h6 style=\"text-align: center;\"><strong>NYEREM\u00c9NYJ\u00c1T\u00c9K SZAB\u00c1LYZATOK<\/strong><\/h6>\n<p style=\"text-align: center;\"><span style=\"color: #ff6600;\"><strong><a style=\"color: #ff6600;\" href=\"https:\/\/strandfesztival.com\/wp-content\/uploads\/2026\/04\/STRAND_Legendak_0409_szabalyzat.pdf\">STRAND 2026.04.10. Legend\u00e1k nyerem\u00e9nyj\u00e1t\u00e9k szab\u00e1lyzat<\/a><\/strong><\/span><\/p>\n<p style=\"text-align: center;\"><span style=\"color: #ff6600;\"><strong><a style=\"color: #ff6600;\" href=\"https:\/\/strandfesztival.com\/wp-content\/uploads\/2026\/04\/STRAND_tojaskereso_2026.pdf\">STRAND 2026.04.06. H\u00fasv\u00e9ti toj\u00e1skeres\u0151 nyerem\u00e9nyj\u00e1t\u00e9k szab\u00e1lyzat<\/a><\/strong><\/span><\/p>\n<p style=\"text-align: center;\"><span style=\"color: #ff6600;\"><strong><a style=\"color: #ff6600;\" href=\"https:\/\/strandfesztival.com\/wp-content\/uploads\/2026\/03\/STRAND_0331_vilagsztarok_jatekszabalyzat.pdf\">STRAND 2026.03.31. 5 \u00faj vil\u00e1gszt\u00e1r nyerem\u00e9nyj\u00e1t\u00e9k szab\u00e1lyzat<\/a><\/strong><\/span><\/p>\n<p style=\"text-align: center;\"><span style=\"color: #ff6600;\"><strong><a style=\"color: #ff6600;\" href=\"https:\/\/strandfesztival.com\/wp-content\/uploads\/2026\/03\/STRAND_0302_ujnevek_jatekszabalyzat.pdf\">STRAND 2026.03.02. \u00daj nevek nyerem\u00e9nyj\u00e1t\u00e9k szab\u00e1lyzat<\/a><\/strong><\/span><\/p>\n<p style=\"text-align: center;\"><span style=\"color: #ff6600;\"><strong><a style=\"color: #ff6600;\" href=\"https:\/\/strandfesztival.com\/wp-content\/uploads\/2025\/12\/STRAND_jokivansag_nyeremenyjatek_v2.pdf\">STRAND j\u00f3k\u00edv\u00e1ns\u00e1gok nyerem\u00e9nyj\u00e1t\u00e9k szab\u00e1lyzat<\/a><\/strong><\/span><\/p>\n<p style=\"text-align: center;\"><span style=\"color: #ff6600;\"><strong><a style=\"color: #ff6600;\" href=\"https:\/\/strandfesztival.com\/wp-content\/uploads\/2025\/11\/STRAND-2026-jegystart-ja\u0301te\u0301kszaba\u0301lyzat_v2.pdf\">STRAND 2026 Jegystart nyerem\u00e9nyj\u00e1t\u00e9k szab\u00e1lyzat<\/a><\/strong><\/span><\/p>\n<p style=\"text-align: center;\"><strong><span style=\"color: #ff6600;\"><a style=\"color: #ff6600;\" href=\"https:\/\/strandfesztival.com\/wp-content\/uploads\/2025\/11\/STRAND-szavak-ja\u0301te\u0301kszaba\u0301lyzat-1.pdf\">STRAND szavak nyerem\u00e9nyj\u00e1t\u00e9k szab\u00e1lyzat<\/a><\/span><\/strong><\/p>\n<p style=\"text-align: center;\"><span style=\"color: #ff6600;\"><strong><a style=\"color: #ff6600;\" href=\"https:\/\/strandfesztival.com\/wp-content\/uploads\/2025\/09\/STRAND_SopronFest_Ne-ne\u0301zz-fe\u0301lre.pdf\">STRAND &amp; SOPRONFEST &#8211; Ne n\u00e9zz f\u00e9lre! nyerem\u00e9nyj\u00e1t\u00e9k szab\u00e1lyzat<\/a><\/strong><\/span><\/p>\n<p style=\"text-align: center;\"><strong><span style=\"color: #ff6600;\"><a style=\"color: #ff6600;\" href=\"https:\/\/strandfesztival.com\/wp-content\/uploads\/2025\/08\/STRAND-WOLT-nyereme\u0301nyja\u0301te\u0301k-szaba\u0301lyzat_v2-1.pdf\">STRAND &#8211; WOLT Nyerem\u00e9nyj\u00e1t\u00e9k szab\u00e1lyzat<\/a><\/span><\/strong><\/p>\n<p style=\"text-align: center;\"><strong><span style=\"color: #ff6600;\"><a style=\"color: #ff6600;\" href=\"https:\/\/strandfesztival.com\/wp-content\/uploads\/2025\/08\/ke\u0301rdo\u030bi\u0301v-ja\u0301te\u0301kszaba\u0301lyzat-STRAND-2025.pdf\">STRAND k\u00e9rd\u0151\u00edv prom\u00f3ci\u00f3 \u00e9s nyerem\u00e9nyj\u00e1t\u00e9k r\u00e9szv\u00e9teli szab\u00e1lyzat<\/a><\/span><\/strong><\/p>\n<p style=\"text-align: center;\"><strong><span style=\"color: #ff6600;\"><a style=\"color: #ff6600;\" href=\"https:\/\/strandfesztival.com\/wp-content\/uploads\/2025\/08\/STRAND-Moyra-GenZ-nyereme\u0301nyja\u0301te\u0301k-szaba\u0301lyzat.pdf\">STRAND &#8211; Moyra GenZ nyerem\u00e9nyj\u00e1t\u00e9k szab\u00e1lyzat<\/a><\/span><\/strong><\/p>\n<p style=\"text-align: center;\"><strong><span style=\"color: #ff6600;\"><a style=\"color: #ff6600;\" href=\"https:\/\/strandfesztival.com\/wp-content\/uploads\/2025\/07\/STRAND-Honnan-jo\u0308ssz_20250710.pdf\">STRAND &#8211; Honnan j\u00f6ssz j\u00e1t\u00e9kszab\u00e1lyzat<\/a><\/span><\/strong><\/p>\n<p style=\"text-align: center;\"><span style=\"color: #ff6600;\"><a style=\"color: #ff6600;\" href=\"https:\/\/strandfesztival.com\/wp-content\/uploads\/2025\/05\/STRAND-nissin-ja\u0301te\u0301k-szaba\u0301lyzat.pdf\"><strong>STRAND &#8211; NISSIN nyerem\u00e9nyj\u00e1t\u00e9k szab\u00e1lyzat<\/strong><\/a><\/span><\/p>\n<p style=\"text-align: center;\"><span style=\"color: #ff6600;\"><a style=\"color: #ff6600;\" href=\"https:\/\/strandfesztival.com\/wp-content\/uploads\/2025\/02\/STRAND_nulladik-nap-jatek.pdf\"><strong>STRAND 2025 nulladik napi nyerem\u00e9nyj\u00e1t\u00e9k szab\u00e1lyzat<\/strong><\/a><\/span><\/p>\n<p style=\"text-align: center;\"><span style=\"color: #ff6600;\"><strong><a style=\"color: #ff6600;\" href=\"https:\/\/strandfesztival.com\/wp-content\/uploads\/2025\/02\/STRAND-Valentin-ja\u0301te\u0301kszaba\u0301lyzat-2025.pdf\">STRAND 2025 Valentin napi nyerem\u00e9nyj\u00e1t\u00e9k szab\u00e1lyzat<\/a><\/strong><\/span><\/p>\n<h3 class=\"text--transform-none\">Tov\u00e1bbi inform\u00e1ci\u00f3:<\/h3>\n<p><strong><a href=\"mailto:info@nagyonbalaton.hu\">info@strandfesztival.com<\/a><\/strong><\/p>\n","protected":false},"excerpt":{"rendered":"<p>\u00c1ltal\u00e1nos Szerz\u0151d\u00e9si Felt\u00e9telek ADATKEZEL\u00c9SI T\u00c1J\u00c9KOZTAT\u00d3 a STRAND Fesztiv\u00e1lon val\u00f3 r\u00e9szv\u00e9tel kapcs\u00e1n\u00a0 ADATKEZEL\u00c9SI T\u00c1J\u00c9KOZTAT\u00d3 a Weekend Event Kft. \u00e1ltal megrendezett fesztiv\u00e1llal kapcsolatos v\u00e1s\u00e1rl\u00e1sokkal \u00f6sszef\u00fcgg\u00e9sben\u00a0 STRAND Ha\u0301zirend 2025 STRAND Kemping h\u00e1zirend 2025 Integr\u00e1lt t\u0171zv\u00e9delmi dokument\u00e1ci\u00f3 &#8211; l\u00e1togat\u00f3i kivonat Lakoss\u00e1gi t\u00e1j\u00e9koztat\u00f3 Festipay Haszna\u0301lati U\u0301tmutato\u0301 \u00c1ltal\u00e1nos adatv\u00e9delmi szab\u00e1lyzat Adatkezel\u00e9si t\u00e1j\u00e9koztat\u00f3 h\u00edrlevelekhez Kamerat\u00e9rk\u00e9p Menek\u00fcl\u00e9si terv Adatkezel\u00e9si t\u00e1j\u00e9koztat\u00f3 mobil apphoz Cookie [&hellip;]<\/p>\n","protected":false},"author":1,"featured_media":0,"parent":0,"menu_order":0,"comment_status":"closed","ping_status":"closed","template":"","meta":{"_acf_changed":false,"footnotes":""},"class_list":["post-14","page","type-page","status-publish","hentry"],"acf":[],"yoast_head":"<!-- This site is optimized with the Yoast SEO plugin v25.7 - https:\/\/yoast.com\/wordpress\/plugins\/seo\/ -->\n<title>\u00c1SZF, H\u00e1zirend, Szab\u00e1lyzatok &#8902; Strand Fesztiv\u00e1l<\/title>\n<meta name=\"robots\" content=\"index, follow, max-snippet:-1, max-image-preview:large, max-video-preview:-1\" \/>\n<link rel=\"canonical\" href=\"https:\/\/strandfesztival.com\/hu\/hazirend\/\" \/>\n<meta property=\"og:locale\" content=\"hu_HU\" \/>\n<meta property=\"og:type\" content=\"article\" \/>\n<meta property=\"og:title\" content=\"\u00c1SZF, H\u00e1zirend, Szab\u00e1lyzatok &#8902; Strand Fesztiv\u00e1l\" \/>\n<meta property=\"og:description\" content=\"\u00c1ltal\u00e1nos Szerz\u0151d\u00e9si Felt\u00e9telek ADATKEZEL\u00c9SI T\u00c1J\u00c9KOZTAT\u00d3 a STRAND Fesztiv\u00e1lon val\u00f3 r\u00e9szv\u00e9tel kapcs\u00e1n\u00a0 ADATKEZEL\u00c9SI T\u00c1J\u00c9KOZTAT\u00d3 a Weekend Event Kft. \u00e1ltal megrendezett fesztiv\u00e1llal kapcsolatos v\u00e1s\u00e1rl\u00e1sokkal \u00f6sszef\u00fcgg\u00e9sben\u00a0 STRAND Ha\u0301zirend 2025 STRAND Kemping h\u00e1zirend 2025 Integr\u00e1lt t\u0171zv\u00e9delmi dokument\u00e1ci\u00f3 &#8211; l\u00e1togat\u00f3i kivonat Lakoss\u00e1gi t\u00e1j\u00e9koztat\u00f3 Festipay Haszna\u0301lati U\u0301tmutato\u0301 \u00c1ltal\u00e1nos adatv\u00e9delmi szab\u00e1lyzat Adatkezel\u00e9si t\u00e1j\u00e9koztat\u00f3 h\u00edrlevelekhez Kamerat\u00e9rk\u00e9p Menek\u00fcl\u00e9si terv Adatkezel\u00e9si t\u00e1j\u00e9koztat\u00f3 mobil apphoz Cookie [&hellip;]\" \/>\n<meta property=\"og:url\" content=\"https:\/\/strandfesztival.com\/hu\/hazirend\/\" \/>\n<meta property=\"og:site_name\" content=\"Strand Fesztiv\u00e1l\" \/>\n<meta property=\"article:publisher\" content=\"https:\/\/www.facebook.com\/StrandFesztival\" \/>\n<meta property=\"article:modified_time\" content=\"2026-04-10T09:05:38+00:00\" \/>\n<meta property=\"og:image\" content=\"https:\/\/strandfesztival.com\/wp-content\/uploads\/2026\/02\/str2026.jpg\" \/>\n\t<meta property=\"og:image:width\" content=\"768\" \/>\n\t<meta property=\"og:image:height\" content=\"326\" \/>\n\t<meta property=\"og:image:type\" content=\"image\/jpeg\" \/>\n<meta name=\"twitter:card\" content=\"summary_large_image\" \/>\n<meta name=\"twitter:label1\" content=\"Becs\u00fclt olvas\u00e1si id\u0151\" \/>\n\t<meta name=\"twitter:data1\" content=\"1 perc\" \/>\n<script type=\"application\/ld+json\" class=\"yoast-schema-graph\">{\"@context\":\"https:\/\/schema.org\",\"@graph\":[{\"@type\":\"WebPage\",\"@id\":\"https:\/\/strandfesztival.com\/hu\/hazirend\/\",\"url\":\"https:\/\/strandfesztival.com\/hu\/hazirend\/\",\"name\":\"\u00c1SZF, H\u00e1zirend, Szab\u00e1lyzatok &#8902; Strand Fesztiv\u00e1l\",\"isPartOf\":{\"@id\":\"https:\/\/strandfesztival.com\/hu\/#website\"},\"datePublished\":\"2022-06-23T14:26:37+00:00\",\"dateModified\":\"2026-04-10T09:05:38+00:00\",\"breadcrumb\":{\"@id\":\"https:\/\/strandfesztival.com\/hu\/hazirend\/#breadcrumb\"},\"inLanguage\":\"hu\",\"potentialAction\":[{\"@type\":\"ReadAction\",\"target\":[\"https:\/\/strandfesztival.com\/hu\/hazirend\/\"]}]},{\"@type\":\"BreadcrumbList\",\"@id\":\"https:\/\/strandfesztival.com\/hu\/hazirend\/#breadcrumb\",\"itemListElement\":[{\"@type\":\"ListItem\",\"position\":1,\"name\":\"Kezd\u0151lap\",\"item\":\"https:\/\/strandfesztival.com\/hu\/\"},{\"@type\":\"ListItem\",\"position\":2,\"name\":\"\u00c1SZF, H\u00e1zirend, Szab\u00e1lyzatok\"}]},{\"@type\":\"WebSite\",\"@id\":\"https:\/\/strandfesztival.com\/hu\/#website\",\"url\":\"https:\/\/strandfesztival.com\/hu\/\",\"name\":\"STRAND Fesztiv\u00e1l\",\"description\":\"&#x2600;&#xfe0f; Strand &#x1f3d6;&#xfe0f; Csoda &#x2728; Balaton &#x2600;&#xfe0f;\",\"publisher\":{\"@id\":\"https:\/\/strandfesztival.com\/hu\/#organization\"},\"potentialAction\":[{\"@type\":\"SearchAction\",\"target\":{\"@type\":\"EntryPoint\",\"urlTemplate\":\"https:\/\/strandfesztival.com\/hu\/?s={search_term_string}\"},\"query-input\":{\"@type\":\"PropertyValueSpecification\",\"valueRequired\":true,\"valueName\":\"search_term_string\"}}],\"inLanguage\":\"hu\"},{\"@type\":\"Organization\",\"@id\":\"https:\/\/strandfesztival.com\/hu\/#organization\",\"name\":\"STRAND Fesztiv\u00e1l\",\"url\":\"https:\/\/strandfesztival.com\/hu\/\",\"logo\":{\"@type\":\"ImageObject\",\"inLanguage\":\"hu\",\"@id\":\"https:\/\/strandfesztival.com\/hu\/#\/schema\/logo\/image\/\",\"url\":\"https:\/\/strandfesztival.com\/wp-content\/uploads\/2025\/12\/strand-logo.svg\",\"contentUrl\":\"https:\/\/strandfesztival.com\/wp-content\/uploads\/2025\/12\/strand-logo.svg\",\"width\":1,\"height\":1,\"caption\":\"STRAND Fesztiv\u00e1l\"},\"image\":{\"@id\":\"https:\/\/strandfesztival.com\/hu\/#\/schema\/logo\/image\/\"},\"sameAs\":[\"https:\/\/www.facebook.com\/StrandFesztival\",\"https:\/\/www.instagram.com\/strandfesztival\/\"]}]}<\/script>\n<meta property=\"og:image\" content=\"https:\/\/strandfesztival.com\/wp-content\/uploads\/2022\/07\/hazirend-1024x307.png\" \/>\n<!-- \/ Yoast SEO plugin. -->","yoast_head_json":{"title":"\u00c1SZF, H\u00e1zirend, Szab\u00e1lyzatok &#8902; Strand Fesztiv\u00e1l","robots":{"index":"index","follow":"follow","max-snippet":"max-snippet:-1","max-image-preview":"max-image-preview:large","max-video-preview":"max-video-preview:-1"},"canonical":"https:\/\/strandfesztival.com\/hu\/hazirend\/","og_locale":"hu_HU","og_type":"article","og_title":"\u00c1SZF, H\u00e1zirend, Szab\u00e1lyzatok &#8902; Strand Fesztiv\u00e1l","og_description":"\u00c1ltal\u00e1nos Szerz\u0151d\u00e9si Felt\u00e9telek ADATKEZEL\u00c9SI T\u00c1J\u00c9KOZTAT\u00d3 a STRAND Fesztiv\u00e1lon val\u00f3 r\u00e9szv\u00e9tel kapcs\u00e1n\u00a0 ADATKEZEL\u00c9SI T\u00c1J\u00c9KOZTAT\u00d3 a Weekend Event Kft. \u00e1ltal megrendezett fesztiv\u00e1llal kapcsolatos v\u00e1s\u00e1rl\u00e1sokkal \u00f6sszef\u00fcgg\u00e9sben\u00a0 STRAND Ha\u0301zirend 2025 STRAND Kemping h\u00e1zirend 2025 Integr\u00e1lt t\u0171zv\u00e9delmi dokument\u00e1ci\u00f3 &#8211; l\u00e1togat\u00f3i kivonat Lakoss\u00e1gi t\u00e1j\u00e9koztat\u00f3 Festipay Haszna\u0301lati U\u0301tmutato\u0301 \u00c1ltal\u00e1nos adatv\u00e9delmi szab\u00e1lyzat Adatkezel\u00e9si t\u00e1j\u00e9koztat\u00f3 h\u00edrlevelekhez Kamerat\u00e9rk\u00e9p Menek\u00fcl\u00e9si terv Adatkezel\u00e9si t\u00e1j\u00e9koztat\u00f3 mobil apphoz Cookie [&hellip;]","og_url":"https:\/\/strandfesztival.com\/hu\/hazirend\/","og_site_name":"Strand Fesztiv\u00e1l","article_publisher":"https:\/\/www.facebook.com\/StrandFesztival","article_modified_time":"2026-04-10T09:05:38+00:00","og_image":[{"width":768,"height":326,"url":"https:\/\/strandfesztival.com\/wp-content\/uploads\/2026\/02\/str2026.jpg","type":"image\/jpeg"}],"twitter_card":"summary_large_image","twitter_misc":{"Becs\u00fclt olvas\u00e1si id\u0151":"1 perc"},"schema":{"@context":"https:\/\/schema.org","@graph":[{"@type":"WebPage","@id":"https:\/\/strandfesztival.com\/hu\/hazirend\/","url":"https:\/\/strandfesztival.com\/hu\/hazirend\/","name":"\u00c1SZF, H\u00e1zirend, Szab\u00e1lyzatok &#8902; Strand Fesztiv\u00e1l","isPartOf":{"@id":"https:\/\/strandfesztival.com\/hu\/#website"},"datePublished":"2022-06-23T14:26:37+00:00","dateModified":"2026-04-10T09:05:38+00:00","breadcrumb":{"@id":"https:\/\/strandfesztival.com\/hu\/hazirend\/#breadcrumb"},"inLanguage":"hu","potentialAction":[{"@type":"ReadAction","target":["https:\/\/strandfesztival.com\/hu\/hazirend\/"]}]},{"@type":"BreadcrumbList","@id":"https:\/\/strandfesztival.com\/hu\/hazirend\/#breadcrumb","itemListElement":[{"@type":"ListItem","position":1,"name":"Kezd\u0151lap","item":"https:\/\/strandfesztival.com\/hu\/"},{"@type":"ListItem","position":2,"name":"\u00c1SZF, H\u00e1zirend, Szab\u00e1lyzatok"}]},{"@type":"WebSite","@id":"https:\/\/strandfesztival.com\/hu\/#website","url":"https:\/\/strandfesztival.com\/hu\/","name":"STRAND Fesztiv\u00e1l","description":"&#x2600;&#xfe0f; Strand &#x1f3d6;&#xfe0f; Csoda &#x2728; Balaton &#x2600;&#xfe0f;","publisher":{"@id":"https:\/\/strandfesztival.com\/hu\/#organization"},"potentialAction":[{"@type":"SearchAction","target":{"@type":"EntryPoint","urlTemplate":"https:\/\/strandfesztival.com\/hu\/?s={search_term_string}"},"query-input":{"@type":"PropertyValueSpecification","valueRequired":true,"valueName":"search_term_string"}}],"inLanguage":"hu"},{"@type":"Organization","@id":"https:\/\/strandfesztival.com\/hu\/#organization","name":"STRAND Fesztiv\u00e1l","url":"https:\/\/strandfesztival.com\/hu\/","logo":{"@type":"ImageObject","inLanguage":"hu","@id":"https:\/\/strandfesztival.com\/hu\/#\/schema\/logo\/image\/","url":"https:\/\/strandfesztival.com\/wp-content\/uploads\/2025\/12\/strand-logo.svg","contentUrl":"https:\/\/strandfesztival.com\/wp-content\/uploads\/2025\/12\/strand-logo.svg","width":1,"height":1,"caption":"STRAND Fesztiv\u00e1l"},"image":{"@id":"https:\/\/strandfesztival.com\/hu\/#\/schema\/logo\/image\/"},"sameAs":["https:\/\/www.facebook.com\/StrandFesztival","https:\/\/www.instagram.com\/strandfesztival\/"]}]}},"_links":{"self":[{"href":"https:\/\/strandfesztival.com\/hu\/wp-json\/wp\/v2\/pages\/14","targetHints":{"allow":["GET"]}}],"collection":[{"href":"https:\/\/strandfesztival.com\/hu\/wp-json\/wp\/v2\/pages"}],"about":[{"href":"https:\/\/strandfesztival.com\/hu\/wp-json\/wp\/v2\/types\/page"}],"author":[{"embeddable":true,"href":"https:\/\/strandfesztival.com\/hu\/wp-json\/wp\/v2\/users\/1"}],"replies":[{"embeddable":true,"href":"https:\/\/strandfesztival.com\/hu\/wp-json\/wp\/v2\/comments?post=14"}],"version-history":[{"count":15,"href":"https:\/\/strandfesztival.com\/hu\/wp-json\/wp\/v2\/pages\/14\/revisions"}],"predecessor-version":[{"id":5377,"href":"https:\/\/strandfesztival.com\/hu\/wp-json\/wp\/v2\/pages\/14\/revisions\/5377"}],"wp:attachment":[{"href":"https:\/\/strandfesztival.com\/hu\/wp-json\/wp\/v2\/media?parent=14"}],"curies":[{"name":"wp","href":"https:\/\/api.w.org\/{rel}","templated":true}]}}